{"id":29544,"date":"2025-03-20T10:45:07","date_gmt":"2025-03-20T14:45:07","guid":{"rendered":"https:\/\/wp268132.wpdns.ca\/the-jubilee-prayer\/"},"modified":"2025-03-26T09:43:57","modified_gmt":"2025-03-26T13:43:57","slug":"the-jubilee-prayer","status":"publish","type":"page","link":"https:\/\/ottawacornwall.ca\/fr\/the-jubilee-prayer\/","title":{"rendered":"Pri\u00e8re du Jubil\u00e9"},"content":{"rendered":"\t\t<div data-elementor-type=\"wp-page\" data-elementor-id=\"29544\" class=\"elementor elementor-29544 elementor-28314\" data-elementor-post-type=\"page\">\n\t\t\t\t\t\t<section class=\"elementor-section elementor-top-section elementor-element elementor-element-75ba3668 pt-240 pb-120 inner-banner elementor-section-boxed elementor-section-height-default elementor-section-height-default\" data-id=\"75ba3668\" data-element_type=\"section\" data-settings=\"{&quot;background_background&quot;:&quot;classic&quot;}\">\n\t\t\t\t\t\t\t<div class=\"elementor-background-overlay\"><\/div>\n\t\t\t\t\t\t\t<div class=\"elementor-container elementor-column-gap-default\">\n\t\t\t\t\t<div class=\"elementor-column elementor-col-100 elementor-top-column elementor-element elementor-element-226a9ab3\" data-id=\"226a9ab3\" data-element_type=\"column\">\n\t\t\t<div class=\"elementor-widget-wrap elementor-element-populated\">\n\t\t\t\t\t\t<div class=\"elementor-element elementor-element-3533fb1d elementor-widget elementor-widget-heading\" data-id=\"3533fb1d\" data-element_type=\"widget\" data-widget_type=\"heading.default\">\n\t\t\t\t<div class=\"elementor-widget-container\">\n\t\t\t\t\t<h1 class=\"elementor-heading-title elementor-size-default\">Pri\u00e8re du Jubil\u00e9<\/h1>\t\t\t\t<\/div>\n\t\t\t\t<\/div>\n\t\t\t\t\t<\/div>\n\t\t<\/div>\n\t\t\t\t\t<\/div>\n\t\t<\/section>\n\t\t\t\t<section class=\"elementor-section elementor-top-section elementor-element elementor-element-5f2b9475 pt-100 pb-50 custom-right-babal-sec p-lr elementor-section-boxed elementor-section-height-default elementor-section-height-default\" data-id=\"5f2b9475\" data-element_type=\"section\">\n\t\t\t\t\t\t<div class=\"elementor-container elementor-column-gap-default\">\n\t\t\t\t\t<div class=\"elementor-column elementor-col-100 elementor-top-column elementor-element elementor-element-4699cf90 pr-30\" data-id=\"4699cf90\" data-element_type=\"column\">\n\t\t\t<div class=\"elementor-widget-wrap elementor-element-populated\">\n\t\t\t\t\t\t<div class=\"elementor-element elementor-element-657f293a pt-50 elementor-widget elementor-widget-text-editor\" data-id=\"657f293a\" data-element_type=\"widget\" data-widget_type=\"text-editor.default\">\n\t\t\t\t<div class=\"elementor-widget-container\">\n\t\t\t\t\t\t\t\t\t<p><b>P\u00e8re c\u00e9leste,<\/b><\/p><p>\u00a0<\/p><p><b>En ton fils J\u00e9sus-Christ, notre fr\u00e8re,<\/b><\/p><p><b>Tu nous as donn\u00e9 la\u00a0foi,<\/b><\/p><p><b>Et tu as r\u00e9pandu dans nos c\u0153urs par l\u2019Esprit Saint, la flamme de\u00a0la charit\u00e9<\/b><\/p><p><b>Qu\u2019elles r\u00e9veillent en nous la bienheureuse esp\u00e9rance\u00a0de l\u2019av\u00e8nement de ton Royaume.<\/b><\/p><p><b>\u00a0<\/b><\/p><p><b>Que ta gr\u00e2ce nous transforme,<\/b><\/p><p><b>Pour que nous puissions faire fructifier les semences de l\u2019Evangile,<\/b><\/p><p><b>Qui feront grandir l\u2019humanit\u00e9 et la cr\u00e9ation tout enti\u00e8re,<\/b><\/p><p><b>Dans l\u2019attente confiante des cieux nouveaux et de la terre nouvelle,<\/b><\/p><p><b>Lorsque les puissances du mal seront vaincues,<\/b><\/p><p><b>Et ta gloire manifest\u00e9e pour toujours.<\/b><\/p><p><b>\u00a0<\/b><\/p><p><b>Que la gr\u00e2ce du Jubil\u00e9,<\/b><\/p><p><b>Qui fait de nous des\u00a0P\u00e8lerins d\u2019Esp\u00e9rance,<\/b><\/p><p><b>Ravive en nous l\u2019aspiration aux biens c\u00e9lestes<\/b><\/p><p><b>Et r\u00e9pande sur le monde entier la joie et la paix<\/b><\/p><p><b>De notre R\u00e9dempteur.<\/b><\/p><p><b>A toi, Dieu b\u00e9ni dans l\u2019\u00e9ternit\u00e9,<\/b><\/p><p><b>La louange et la gloire pour les si\u00e8cles des si\u00e8cles.<\/b><\/p><p>\u00a0<\/p><p><b>Amen<\/b><\/p>\t\t\t\t\t\t\t\t<\/div>\n\t\t\t\t<\/div>\n\t\t\t\t\t<\/div>\n\t\t<\/div>\n\t\t\t\t\t<\/div>\n\t\t<\/section>\n\t\t\t\t<\/div>\n\t\t","protected":false},"excerpt":{"rendered":"<p>Pri\u00e8re du Jubil\u00e9 P\u00e8re c\u00e9leste, \u00a0 En ton fils J\u00e9sus-Christ, notre fr\u00e8re, Tu nous as donn\u00e9 la\u00a0foi, Et tu as r\u00e9pandu dans nos c\u0153urs par l\u2019Esprit Saint, la flamme de\u00a0la charit\u00e9 Qu\u2019elles r\u00e9veillent en nous la bienheureuse esp\u00e9rance\u00a0de l\u2019av\u00e8nement de ton Royaume. \u00a0 Que ta gr\u00e2ce nous transforme, Pour que nous puissions faire fructifier les [&hellip;]<\/p>\n","protected":false},"author":20,"featured_media":0,"parent":0,"menu_order":1,"comment_status":"closed","ping_status":"closed","template":"","meta":{"_acf_changed":false,"footnotes":""},"class_list":["post-29544","page","type-page","status-publish","hentry"],"acf":[],"yoast_head":"<!-- This site is optimized with the Yoast SEO plugin v27.4 - https:\/\/yoast.com\/product\/yoast-seo-wordpress\/ -->\n<title>Pri\u00e8re du Jubil\u00e9 - Archdiocese of Ottawa-Cornwall<\/title>\n<meta name=\"robots\" content=\"index, follow, max-snippet:-1, max-image-preview:large, max-video-preview:-1\" \/>\n<link rel=\"canonical\" href=\"https:\/\/ottawacornwall.ca\/fr\/the-jubilee-prayer\/\" \/>\n<meta property=\"og:locale\" content=\"fr_FR\" \/>\n<meta property=\"og:type\" content=\"article\" \/>\n<meta property=\"og:title\" content=\"Pri\u00e8re du Jubil\u00e9 - Archdiocese of Ottawa-Cornwall\" \/>\n<meta property=\"og:description\" content=\"Pri\u00e8re du Jubil\u00e9 P\u00e8re c\u00e9leste, \u00a0 En ton fils J\u00e9sus-Christ, notre fr\u00e8re, Tu nous as donn\u00e9 la\u00a0foi, Et tu as r\u00e9pandu dans nos c\u0153urs par l\u2019Esprit Saint, la flamme de\u00a0la charit\u00e9 Qu\u2019elles r\u00e9veillent en nous la bienheureuse esp\u00e9rance\u00a0de l\u2019av\u00e8nement de ton Royaume. \u00a0 Que ta gr\u00e2ce nous transforme, Pour que nous puissions faire fructifier les [&hellip;]\" \/>\n<meta property=\"og:url\" content=\"https:\/\/ottawacornwall.ca\/fr\/the-jubilee-prayer\/\" \/>\n<meta property=\"og:site_name\" content=\"Archdiocese of Ottawa-Cornwall\" \/>\n<meta property=\"article:modified_time\" content=\"2025-03-26T13:43:57+00:00\" \/>\n<meta name=\"twitter:card\" content=\"summary_large_image\" \/>\n<meta name=\"twitter:label1\" content=\"Dur\u00e9e de lecture estim\u00e9e\" \/>\n\t<meta name=\"twitter:data1\" content=\"1 minute\" \/>\n<script type=\"application\/ld+json\" class=\"yoast-schema-graph\">{\"@context\":\"https:\\\/\\\/schema.org\",\"@graph\":[{\"@type\":\"WebPage\",\"@id\":\"https:\\\/\\\/ottawacornwall.ca\\\/fr\\\/the-jubilee-prayer\\\/\",\"url\":\"https:\\\/\\\/ottawacornwall.ca\\\/fr\\\/the-jubilee-prayer\\\/\",\"name\":\"Pri\u00e8re du Jubil\u00e9 - Archdiocese of Ottawa-Cornwall\",\"isPartOf\":{\"@id\":\"https:\\\/\\\/ottawacornwall.ca\\\/#website\"},\"datePublished\":\"2025-03-20T14:45:07+00:00\",\"dateModified\":\"2025-03-26T13:43:57+00:00\",\"breadcrumb\":{\"@id\":\"https:\\\/\\\/ottawacornwall.ca\\\/fr\\\/the-jubilee-prayer\\\/#breadcrumb\"},\"inLanguage\":\"fr-FR\",\"potentialAction\":[{\"@type\":\"ReadAction\",\"target\":[\"https:\\\/\\\/ottawacornwall.ca\\\/fr\\\/the-jubilee-prayer\\\/\"]}]},{\"@type\":\"BreadcrumbList\",\"@id\":\"https:\\\/\\\/ottawacornwall.ca\\\/fr\\\/the-jubilee-prayer\\\/#breadcrumb\",\"itemListElement\":[{\"@type\":\"ListItem\",\"position\":1,\"name\":\"Home\",\"item\":\"https:\\\/\\\/ottawacornwall.ca\\\/fr\\\/\"},{\"@type\":\"ListItem\",\"position\":2,\"name\":\"Pri\u00e8re du Jubil\u00e9\"}]},{\"@type\":\"WebSite\",\"@id\":\"https:\\\/\\\/ottawacornwall.ca\\\/#website\",\"url\":\"https:\\\/\\\/ottawacornwall.ca\\\/\",\"name\":\"Archdiocese of Ottawa-Cornwall\",\"description\":\"Welcome to the  Ottawa-Cornwall Archdiocese!\",\"publisher\":{\"@id\":\"https:\\\/\\\/ottawacornwall.ca\\\/#organization\"},\"potentialAction\":[{\"@type\":\"SearchAction\",\"target\":{\"@type\":\"EntryPoint\",\"urlTemplate\":\"https:\\\/\\\/ottawacornwall.ca\\\/?s={search_term_string}\"},\"query-input\":{\"@type\":\"PropertyValueSpecification\",\"valueRequired\":true,\"valueName\":\"search_term_string\"}}],\"inLanguage\":\"fr-FR\"},{\"@type\":\"Organization\",\"@id\":\"https:\\\/\\\/ottawacornwall.ca\\\/#organization\",\"name\":\"Archdiocese of Ottawa-Cornwall\",\"url\":\"https:\\\/\\\/ottawacornwall.ca\\\/\",\"logo\":{\"@type\":\"ImageObject\",\"inLanguage\":\"fr-FR\",\"@id\":\"https:\\\/\\\/ottawacornwall.ca\\\/#\\\/schema\\\/logo\\\/image\\\/\",\"url\":\"https:\\\/\\\/ottawacornwall.ca\\\/wp-content\\\/uploads\\\/2022\\\/11\\\/Archdiocese-Logo-Horizontal-Reverse-1.svg\",\"contentUrl\":\"https:\\\/\\\/ottawacornwall.ca\\\/wp-content\\\/uploads\\\/2022\\\/11\\\/Archdiocese-Logo-Horizontal-Reverse-1.svg\",\"caption\":\"Archdiocese of Ottawa-Cornwall\"},\"image\":{\"@id\":\"https:\\\/\\\/ottawacornwall.ca\\\/#\\\/schema\\\/logo\\\/image\\\/\"}}]}<\/script>\n<!-- \/ Yoast SEO plugin. -->","yoast_head_json":{"title":"Pri\u00e8re du Jubil\u00e9 - Archdiocese of Ottawa-Cornwall","robots":{"index":"index","follow":"follow","max-snippet":"max-snippet:-1","max-image-preview":"max-image-preview:large","max-video-preview":"max-video-preview:-1"},"canonical":"https:\/\/ottawacornwall.ca\/fr\/the-jubilee-prayer\/","og_locale":"fr_FR","og_type":"article","og_title":"Pri\u00e8re du Jubil\u00e9 - Archdiocese of Ottawa-Cornwall","og_description":"Pri\u00e8re du Jubil\u00e9 P\u00e8re c\u00e9leste, \u00a0 En ton fils J\u00e9sus-Christ, notre fr\u00e8re, Tu nous as donn\u00e9 la\u00a0foi, Et tu as r\u00e9pandu dans nos c\u0153urs par l\u2019Esprit Saint, la flamme de\u00a0la charit\u00e9 Qu\u2019elles r\u00e9veillent en nous la bienheureuse esp\u00e9rance\u00a0de l\u2019av\u00e8nement de ton Royaume. \u00a0 Que ta gr\u00e2ce nous transforme, Pour que nous puissions faire fructifier les [&hellip;]","og_url":"https:\/\/ottawacornwall.ca\/fr\/the-jubilee-prayer\/","og_site_name":"Archdiocese of Ottawa-Cornwall","article_modified_time":"2025-03-26T13:43:57+00:00","twitter_card":"summary_large_image","twitter_misc":{"Dur\u00e9e de lecture estim\u00e9e":"1 minute"},"schema":{"@context":"https:\/\/schema.org","@graph":[{"@type":"WebPage","@id":"https:\/\/ottawacornwall.ca\/fr\/the-jubilee-prayer\/","url":"https:\/\/ottawacornwall.ca\/fr\/the-jubilee-prayer\/","name":"Pri\u00e8re du Jubil\u00e9 - Archdiocese of Ottawa-Cornwall","isPartOf":{"@id":"https:\/\/ottawacornwall.ca\/#website"},"datePublished":"2025-03-20T14:45:07+00:00","dateModified":"2025-03-26T13:43:57+00:00","breadcrumb":{"@id":"https:\/\/ottawacornwall.ca\/fr\/the-jubilee-prayer\/#breadcrumb"},"inLanguage":"fr-FR","potentialAction":[{"@type":"ReadAction","target":["https:\/\/ottawacornwall.ca\/fr\/the-jubilee-prayer\/"]}]},{"@type":"BreadcrumbList","@id":"https:\/\/ottawacornwall.ca\/fr\/the-jubilee-prayer\/#breadcrumb","itemListElement":[{"@type":"ListItem","position":1,"name":"Home","item":"https:\/\/ottawacornwall.ca\/fr\/"},{"@type":"ListItem","position":2,"name":"Pri\u00e8re du Jubil\u00e9"}]},{"@type":"WebSite","@id":"https:\/\/ottawacornwall.ca\/#website","url":"https:\/\/ottawacornwall.ca\/","name":"Archdiocese of Ottawa-Cornwall","description":"Welcome to the  Ottawa-Cornwall Archdiocese!","publisher":{"@id":"https:\/\/ottawacornwall.ca\/#organization"},"potentialAction":[{"@type":"SearchAction","target":{"@type":"EntryPoint","urlTemplate":"https:\/\/ottawacornwall.ca\/?s={search_term_string}"},"query-input":{"@type":"PropertyValueSpecification","valueRequired":true,"valueName":"search_term_string"}}],"inLanguage":"fr-FR"},{"@type":"Organization","@id":"https:\/\/ottawacornwall.ca\/#organization","name":"Archdiocese of Ottawa-Cornwall","url":"https:\/\/ottawacornwall.ca\/","logo":{"@type":"ImageObject","inLanguage":"fr-FR","@id":"https:\/\/ottawacornwall.ca\/#\/schema\/logo\/image\/","url":"https:\/\/ottawacornwall.ca\/wp-content\/uploads\/2022\/11\/Archdiocese-Logo-Horizontal-Reverse-1.svg","contentUrl":"https:\/\/ottawacornwall.ca\/wp-content\/uploads\/2022\/11\/Archdiocese-Logo-Horizontal-Reverse-1.svg","caption":"Archdiocese of Ottawa-Cornwall"},"image":{"@id":"https:\/\/ottawacornwall.ca\/#\/schema\/logo\/image\/"}}]}},"_links":{"self":[{"href":"https:\/\/ottawacornwall.ca\/fr\/wp-json\/wp\/v2\/pages\/29544","targetHints":{"allow":["GET"]}}],"collection":[{"href":"https:\/\/ottawacornwall.ca\/fr\/wp-json\/wp\/v2\/pages"}],"about":[{"href":"https:\/\/ottawacornwall.ca\/fr\/wp-json\/wp\/v2\/types\/page"}],"author":[{"embeddable":true,"href":"https:\/\/ottawacornwall.ca\/fr\/wp-json\/wp\/v2\/users\/20"}],"replies":[{"embeddable":true,"href":"https:\/\/ottawacornwall.ca\/fr\/wp-json\/wp\/v2\/comments?post=29544"}],"version-history":[{"count":7,"href":"https:\/\/ottawacornwall.ca\/fr\/wp-json\/wp\/v2\/pages\/29544\/revisions"}],"predecessor-version":[{"id":29565,"href":"https:\/\/ottawacornwall.ca\/fr\/wp-json\/wp\/v2\/pages\/29544\/revisions\/29565"}],"wp:attachment":[{"href":"https:\/\/ottawacornwall.ca\/fr\/wp-json\/wp\/v2\/media?parent=29544"}],"curies":[{"name":"wp","href":"https:\/\/api.w.org\/{rel}","templated":true}]}}