{"id":29569,"date":"2025-03-20T10:45:11","date_gmt":"2025-03-20T14:45:11","guid":{"rendered":"https:\/\/wp268132.wpdns.ca\/national-shrines\/"},"modified":"2025-03-26T09:49:27","modified_gmt":"2025-03-26T13:49:27","slug":"national-shrines","status":"publish","type":"page","link":"https:\/\/ottawacornwall.ca\/fr\/national-shrines\/","title":{"rendered":"Sanctuaires nationaux du Canada"},"content":{"rendered":"\t\t<div data-elementor-type=\"wp-page\" data-elementor-id=\"29569\" class=\"elementor elementor-29569 elementor-28354\" data-elementor-post-type=\"page\">\n\t\t\t\t\t\t<section class=\"elementor-section elementor-top-section elementor-element elementor-element-75ba3668 pt-240 pb-120 inner-banner elementor-section-boxed elementor-section-height-default elementor-section-height-default\" data-id=\"75ba3668\" data-element_type=\"section\" data-settings=\"{&quot;background_background&quot;:&quot;classic&quot;}\">\n\t\t\t\t\t\t\t<div class=\"elementor-background-overlay\"><\/div>\n\t\t\t\t\t\t\t<div class=\"elementor-container elementor-column-gap-default\">\n\t\t\t\t\t<div class=\"elementor-column elementor-col-100 elementor-top-column elementor-element elementor-element-226a9ab3\" data-id=\"226a9ab3\" data-element_type=\"column\">\n\t\t\t<div class=\"elementor-widget-wrap elementor-element-populated\">\n\t\t\t\t\t\t<div class=\"elementor-element elementor-element-3533fb1d elementor-widget elementor-widget-heading\" data-id=\"3533fb1d\" data-element_type=\"widget\" data-widget_type=\"heading.default\">\n\t\t\t\t<div class=\"elementor-widget-container\">\n\t\t\t\t\t<h1 class=\"elementor-heading-title elementor-size-default\">Sanctuaires nationaux du Canada<\/h1>\t\t\t\t<\/div>\n\t\t\t\t<\/div>\n\t\t\t\t\t<\/div>\n\t\t<\/div>\n\t\t\t\t\t<\/div>\n\t\t<\/section>\n\t\t\t\t<section class=\"elementor-section elementor-top-section elementor-element elementor-element-5f2b9475 pt-100 pb-50 custom-right-babal-sec p-lr elementor-section-boxed elementor-section-height-default elementor-section-height-default\" data-id=\"5f2b9475\" data-element_type=\"section\">\n\t\t\t\t\t\t<div class=\"elementor-container elementor-column-gap-default\">\n\t\t\t\t\t<div class=\"elementor-column elementor-col-100 elementor-top-column elementor-element elementor-element-4699cf90 pr-30\" data-id=\"4699cf90\" data-element_type=\"column\">\n\t\t\t<div class=\"elementor-widget-wrap elementor-element-populated\">\n\t\t\t\t\t\t<div class=\"elementor-element elementor-element-657f293a pt-50 elementor-widget elementor-widget-text-editor\" data-id=\"657f293a\" data-element_type=\"widget\" data-widget_type=\"text-editor.default\">\n\t\t\t\t<div class=\"elementor-widget-container\">\n\t\t\t\t\t\t\t\t\t<p>Les sanctuaires nationaux du Canada sont des lieux de p\u00e8lerinage renomm\u00e9s. Pendant l\u2019Ann\u00e9e jubilaire 2025, les p\u00e8lerins sont invit\u00e9s \u00e0 faire un effort sp\u00e9cial pour visiter les sanctuaires afin de prier pour la paix et de ressentir une joie renouvel\u00e9e inspir\u00e9e par l\u2019esp\u00e9rance chr\u00e9tienne. Veuillez cliquer les liens ci-dessous pour vous informer des activit\u00e9s qui auront lieu dans les sanctuaires nationaux pendant l\u2019Ann\u00e9e jubilaire 2025.<\/p>\t\t\t\t\t\t\t\t<\/div>\n\t\t\t\t<\/div>\n\t\t<div class=\"elementor-element elementor-element-180f2cd e-flex e-con-boxed e-con e-parent\" data-id=\"180f2cd\" data-element_type=\"container\">\n\t\t\t\t\t<div class=\"e-con-inner\">\n\t\t\t\t<div class=\"elementor-element elementor-element-2c7ffe8 elementor-widget elementor-widget-text-editor\" data-id=\"2c7ffe8\" data-element_type=\"widget\" data-widget_type=\"text-editor.default\">\n\t\t\t\t<div class=\"elementor-widget-container\">\n\t\t\t\t\t\t\t\t\t<p><a style=\"color: #000000;\" href=\"https:\/\/www.saint-joseph.org\/fr\/\"><span style=\"font-size: 28px; font-weight: 400;\">Oratoire Saint-Joseph &gt;<\/span><\/a><\/p>\t\t\t\t\t\t\t\t<\/div>\n\t\t\t\t<\/div>\n\t\t\t\t\t<\/div>\n\t\t\t\t<\/div>\n\t\t<div class=\"elementor-element elementor-element-d05333b e-flex e-con-boxed e-con e-parent\" data-id=\"d05333b\" data-element_type=\"container\">\n\t\t\t\t\t<div class=\"e-con-inner\">\n\t\t\t\t<div class=\"elementor-element elementor-element-c667291 elementor-widget elementor-widget-text-editor\" data-id=\"c667291\" data-element_type=\"widget\" data-widget_type=\"text-editor.default\">\n\t\t\t\t<div class=\"elementor-widget-container\">\n\t\t\t\t\t\t\t\t\t<p><a style=\"color: #000000;\" href=\"https:\/\/sanctuairesainteanne.org\/fr\"><span style=\"font-size: 28px; font-weight: 400;\">Saint Anne de Beaupr\u00e9 &gt;<\/span><\/a><\/p>\t\t\t\t\t\t\t\t<\/div>\n\t\t\t\t<\/div>\n\t\t\t\t\t<\/div>\n\t\t\t\t<\/div>\n\t\t<div class=\"elementor-element elementor-element-48a6863 e-flex e-con-boxed e-con e-parent\" data-id=\"48a6863\" data-element_type=\"container\">\n\t\t\t\t\t<div class=\"e-con-inner\">\n\t\t\t\t<div class=\"elementor-element elementor-element-6256491 elementor-widget elementor-widget-text-editor\" data-id=\"6256491\" data-element_type=\"widget\" data-widget_type=\"text-editor.default\">\n\t\t\t\t<div class=\"elementor-widget-container\">\n\t\t\t\t\t\t\t\t\t<p><a style=\"color: #000000;\" href=\"https:\/\/www.sanctuaire-ndc.ca\/\"><span style=\"font-size: 28px; font-weight: 400;\">Notre-Dame-du-Cap &gt;<\/span><\/a><\/p>\t\t\t\t\t\t\t\t<\/div>\n\t\t\t\t<\/div>\n\t\t\t\t\t<\/div>\n\t\t\t\t<\/div>\n\t\t<div class=\"elementor-element elementor-element-2b6789d e-flex e-con-boxed e-con e-parent\" data-id=\"2b6789d\" data-element_type=\"container\">\n\t\t\t\t\t<div class=\"e-con-inner\">\n\t\t\t\t<div class=\"elementor-element elementor-element-61cb5fd elementor-widget elementor-widget-text-editor\" data-id=\"61cb5fd\" data-element_type=\"widget\" data-widget_type=\"text-editor.default\">\n\t\t\t\t<div class=\"elementor-widget-container\">\n\t\t\t\t\t\t\t\t\t<p><a style=\"color: #000000;\" href=\"https:\/\/martyrs-shrine.com\/\"><span style=\"font-size: 28px; font-weight: 400;\">Sanctuaire des martyrs canadiens (Anglais) &gt;<\/span><\/a><\/p>\t\t\t\t\t\t\t\t<\/div>\n\t\t\t\t<\/div>\n\t\t\t\t\t<\/div>\n\t\t\t\t<\/div>\n\t\t<div class=\"elementor-element elementor-element-dcb78b6 e-flex e-con-boxed e-con e-parent\" data-id=\"dcb78b6\" data-element_type=\"container\">\n\t\t\t\t\t<div class=\"e-con-inner\">\n\t\t\t\t<div class=\"elementor-element elementor-element-f7ff404 elementor-widget elementor-widget-text-editor\" data-id=\"f7ff404\" data-element_type=\"widget\" data-widget_type=\"text-editor.default\">\n\t\t\t\t<div class=\"elementor-widget-container\">\n\t\t\t\t\t\t\t\t\t<p><a style=\"color: #000000;\" href=\"https:\/\/st-antoine.org\/fr\/\"><span style=\"font-size: 28px; font-weight: 400;\">Ermitage Saint-Antoine &gt;<\/span><\/a><\/p>\t\t\t\t\t\t\t\t<\/div>\n\t\t\t\t<\/div>\n\t\t\t\t\t<\/div>\n\t\t\t\t<\/div>\n\t\t<div class=\"elementor-element elementor-element-e54a140 e-flex e-con-boxed e-con e-parent\" data-id=\"e54a140\" data-element_type=\"container\">\n\t\t\t\t\t<div class=\"e-con-inner\">\n\t\t\t\t<div class=\"elementor-element elementor-element-d4e0549 elementor-widget elementor-widget-text-editor\" data-id=\"d4e0549\" data-element_type=\"widget\" data-widget_type=\"text-editor.default\">\n\t\t\t\t<div class=\"elementor-widget-container\">\n\t\t\t\t\t\t\t\t\t<p><a style=\"color: #000000;\" href=\"https:\/\/bvmartyrshrine.com\/\"><span style=\"font-size: 28px; font-weight: 400;\">Sanctuaire de Mgr Velychkovsky, martyr (Anglais) &gt;<\/span><\/a><\/p>\t\t\t\t\t\t\t\t<\/div>\n\t\t\t\t<\/div>\n\t\t\t\t\t<\/div>\n\t\t\t\t<\/div>\n\t\t\t\t\t<\/div>\n\t\t<\/div>\n\t\t\t\t\t<\/div>\n\t\t<\/section>\n\t\t\t\t<\/div>\n\t\t","protected":false},"excerpt":{"rendered":"<p>Sanctuaires nationaux du Canada Les sanctuaires nationaux du Canada sont des lieux de p\u00e8lerinage renomm\u00e9s. Pendant l\u2019Ann\u00e9e jubilaire 2025, les p\u00e8lerins sont invit\u00e9s \u00e0 faire un effort sp\u00e9cial pour visiter les sanctuaires afin de prier pour la paix et de ressentir une joie renouvel\u00e9e inspir\u00e9e par l\u2019esp\u00e9rance chr\u00e9tienne. Veuillez cliquer les liens ci-dessous pour vous [&hellip;]<\/p>\n","protected":false},"author":20,"featured_media":0,"parent":0,"menu_order":1,"comment_status":"closed","ping_status":"closed","template":"","meta":{"_acf_changed":false,"footnotes":""},"class_list":["post-29569","page","type-page","status-publish","hentry"],"acf":[],"yoast_head":"<!-- This site is optimized with the Yoast SEO plugin v27.3 - https:\/\/yoast.com\/product\/yoast-seo-wordpress\/ -->\n<title>Sanctuaires nationaux du Canada - Archdiocese of Ottawa-Cornwall<\/title>\n<meta name=\"robots\" content=\"index, follow, max-snippet:-1, max-image-preview:large, max-video-preview:-1\" \/>\n<link rel=\"canonical\" href=\"https:\/\/ottawacornwall.ca\/fr\/national-shrines\/\" \/>\n<meta property=\"og:locale\" content=\"fr_FR\" \/>\n<meta property=\"og:type\" content=\"article\" \/>\n<meta property=\"og:title\" content=\"Sanctuaires nationaux du Canada - Archdiocese of Ottawa-Cornwall\" \/>\n<meta property=\"og:description\" content=\"Sanctuaires nationaux du Canada Les sanctuaires nationaux du Canada sont des lieux de p\u00e8lerinage renomm\u00e9s. Pendant l\u2019Ann\u00e9e jubilaire 2025, les p\u00e8lerins sont invit\u00e9s \u00e0 faire un effort sp\u00e9cial pour visiter les sanctuaires afin de prier pour la paix et de ressentir une joie renouvel\u00e9e inspir\u00e9e par l\u2019esp\u00e9rance chr\u00e9tienne. Veuillez cliquer les liens ci-dessous pour vous [&hellip;]\" \/>\n<meta property=\"og:url\" content=\"https:\/\/ottawacornwall.ca\/fr\/national-shrines\/\" \/>\n<meta property=\"og:site_name\" content=\"Archdiocese of Ottawa-Cornwall\" \/>\n<meta property=\"article:modified_time\" content=\"2025-03-26T13:49:27+00:00\" \/>\n<meta name=\"twitter:card\" content=\"summary_large_image\" \/>\n<meta name=\"twitter:label1\" content=\"Dur\u00e9e de lecture estim\u00e9e\" \/>\n\t<meta name=\"twitter:data1\" content=\"1 minute\" \/>\n<script type=\"application\/ld+json\" class=\"yoast-schema-graph\">{\"@context\":\"https:\\\/\\\/schema.org\",\"@graph\":[{\"@type\":\"WebPage\",\"@id\":\"https:\\\/\\\/ottawacornwall.ca\\\/fr\\\/national-shrines\\\/\",\"url\":\"https:\\\/\\\/ottawacornwall.ca\\\/fr\\\/national-shrines\\\/\",\"name\":\"Sanctuaires nationaux du Canada - Archdiocese of Ottawa-Cornwall\",\"isPartOf\":{\"@id\":\"https:\\\/\\\/ottawacornwall.ca\\\/#website\"},\"datePublished\":\"2025-03-20T14:45:11+00:00\",\"dateModified\":\"2025-03-26T13:49:27+00:00\",\"breadcrumb\":{\"@id\":\"https:\\\/\\\/ottawacornwall.ca\\\/fr\\\/national-shrines\\\/#breadcrumb\"},\"inLanguage\":\"fr-FR\",\"potentialAction\":[{\"@type\":\"ReadAction\",\"target\":[\"https:\\\/\\\/ottawacornwall.ca\\\/fr\\\/national-shrines\\\/\"]}]},{\"@type\":\"BreadcrumbList\",\"@id\":\"https:\\\/\\\/ottawacornwall.ca\\\/fr\\\/national-shrines\\\/#breadcrumb\",\"itemListElement\":[{\"@type\":\"ListItem\",\"position\":1,\"name\":\"Home\",\"item\":\"https:\\\/\\\/ottawacornwall.ca\\\/fr\\\/\"},{\"@type\":\"ListItem\",\"position\":2,\"name\":\"Sanctuaires nationaux du Canada\"}]},{\"@type\":\"WebSite\",\"@id\":\"https:\\\/\\\/ottawacornwall.ca\\\/#website\",\"url\":\"https:\\\/\\\/ottawacornwall.ca\\\/\",\"name\":\"Archdiocese of Ottawa-Cornwall\",\"description\":\"Welcome to the  Ottawa-Cornwall Archdiocese!\",\"publisher\":{\"@id\":\"https:\\\/\\\/ottawacornwall.ca\\\/#organization\"},\"potentialAction\":[{\"@type\":\"SearchAction\",\"target\":{\"@type\":\"EntryPoint\",\"urlTemplate\":\"https:\\\/\\\/ottawacornwall.ca\\\/?s={search_term_string}\"},\"query-input\":{\"@type\":\"PropertyValueSpecification\",\"valueRequired\":true,\"valueName\":\"search_term_string\"}}],\"inLanguage\":\"fr-FR\"},{\"@type\":\"Organization\",\"@id\":\"https:\\\/\\\/ottawacornwall.ca\\\/#organization\",\"name\":\"Archdiocese of Ottawa-Cornwall\",\"url\":\"https:\\\/\\\/ottawacornwall.ca\\\/\",\"logo\":{\"@type\":\"ImageObject\",\"inLanguage\":\"fr-FR\",\"@id\":\"https:\\\/\\\/ottawacornwall.ca\\\/#\\\/schema\\\/logo\\\/image\\\/\",\"url\":\"https:\\\/\\\/ottawacornwall.ca\\\/wp-content\\\/uploads\\\/2022\\\/11\\\/Archdiocese-Logo-Horizontal-Reverse-1.svg\",\"contentUrl\":\"https:\\\/\\\/ottawacornwall.ca\\\/wp-content\\\/uploads\\\/2022\\\/11\\\/Archdiocese-Logo-Horizontal-Reverse-1.svg\",\"caption\":\"Archdiocese of Ottawa-Cornwall\"},\"image\":{\"@id\":\"https:\\\/\\\/ottawacornwall.ca\\\/#\\\/schema\\\/logo\\\/image\\\/\"}}]}<\/script>\n<!-- \/ Yoast SEO plugin. -->","yoast_head_json":{"title":"Sanctuaires nationaux du Canada - Archdiocese of Ottawa-Cornwall","robots":{"index":"index","follow":"follow","max-snippet":"max-snippet:-1","max-image-preview":"max-image-preview:large","max-video-preview":"max-video-preview:-1"},"canonical":"https:\/\/ottawacornwall.ca\/fr\/national-shrines\/","og_locale":"fr_FR","og_type":"article","og_title":"Sanctuaires nationaux du Canada - Archdiocese of Ottawa-Cornwall","og_description":"Sanctuaires nationaux du Canada Les sanctuaires nationaux du Canada sont des lieux de p\u00e8lerinage renomm\u00e9s. Pendant l\u2019Ann\u00e9e jubilaire 2025, les p\u00e8lerins sont invit\u00e9s \u00e0 faire un effort sp\u00e9cial pour visiter les sanctuaires afin de prier pour la paix et de ressentir une joie renouvel\u00e9e inspir\u00e9e par l\u2019esp\u00e9rance chr\u00e9tienne. Veuillez cliquer les liens ci-dessous pour vous [&hellip;]","og_url":"https:\/\/ottawacornwall.ca\/fr\/national-shrines\/","og_site_name":"Archdiocese of Ottawa-Cornwall","article_modified_time":"2025-03-26T13:49:27+00:00","twitter_card":"summary_large_image","twitter_misc":{"Dur\u00e9e de lecture estim\u00e9e":"1 minute"},"schema":{"@context":"https:\/\/schema.org","@graph":[{"@type":"WebPage","@id":"https:\/\/ottawacornwall.ca\/fr\/national-shrines\/","url":"https:\/\/ottawacornwall.ca\/fr\/national-shrines\/","name":"Sanctuaires nationaux du Canada - Archdiocese of Ottawa-Cornwall","isPartOf":{"@id":"https:\/\/ottawacornwall.ca\/#website"},"datePublished":"2025-03-20T14:45:11+00:00","dateModified":"2025-03-26T13:49:27+00:00","breadcrumb":{"@id":"https:\/\/ottawacornwall.ca\/fr\/national-shrines\/#breadcrumb"},"inLanguage":"fr-FR","potentialAction":[{"@type":"ReadAction","target":["https:\/\/ottawacornwall.ca\/fr\/national-shrines\/"]}]},{"@type":"BreadcrumbList","@id":"https:\/\/ottawacornwall.ca\/fr\/national-shrines\/#breadcrumb","itemListElement":[{"@type":"ListItem","position":1,"name":"Home","item":"https:\/\/ottawacornwall.ca\/fr\/"},{"@type":"ListItem","position":2,"name":"Sanctuaires nationaux du Canada"}]},{"@type":"WebSite","@id":"https:\/\/ottawacornwall.ca\/#website","url":"https:\/\/ottawacornwall.ca\/","name":"Archdiocese of Ottawa-Cornwall","description":"Welcome to the  Ottawa-Cornwall Archdiocese!","publisher":{"@id":"https:\/\/ottawacornwall.ca\/#organization"},"potentialAction":[{"@type":"SearchAction","target":{"@type":"EntryPoint","urlTemplate":"https:\/\/ottawacornwall.ca\/?s={search_term_string}"},"query-input":{"@type":"PropertyValueSpecification","valueRequired":true,"valueName":"search_term_string"}}],"inLanguage":"fr-FR"},{"@type":"Organization","@id":"https:\/\/ottawacornwall.ca\/#organization","name":"Archdiocese of Ottawa-Cornwall","url":"https:\/\/ottawacornwall.ca\/","logo":{"@type":"ImageObject","inLanguage":"fr-FR","@id":"https:\/\/ottawacornwall.ca\/#\/schema\/logo\/image\/","url":"https:\/\/ottawacornwall.ca\/wp-content\/uploads\/2022\/11\/Archdiocese-Logo-Horizontal-Reverse-1.svg","contentUrl":"https:\/\/ottawacornwall.ca\/wp-content\/uploads\/2022\/11\/Archdiocese-Logo-Horizontal-Reverse-1.svg","caption":"Archdiocese of Ottawa-Cornwall"},"image":{"@id":"https:\/\/ottawacornwall.ca\/#\/schema\/logo\/image\/"}}]}},"_links":{"self":[{"href":"https:\/\/ottawacornwall.ca\/fr\/wp-json\/wp\/v2\/pages\/29569","targetHints":{"allow":["GET"]}}],"collection":[{"href":"https:\/\/ottawacornwall.ca\/fr\/wp-json\/wp\/v2\/pages"}],"about":[{"href":"https:\/\/ottawacornwall.ca\/fr\/wp-json\/wp\/v2\/types\/page"}],"author":[{"embeddable":true,"href":"https:\/\/ottawacornwall.ca\/fr\/wp-json\/wp\/v2\/users\/20"}],"replies":[{"embeddable":true,"href":"https:\/\/ottawacornwall.ca\/fr\/wp-json\/wp\/v2\/comments?post=29569"}],"version-history":[{"count":4,"href":"https:\/\/ottawacornwall.ca\/fr\/wp-json\/wp\/v2\/pages\/29569\/revisions"}],"predecessor-version":[{"id":29573,"href":"https:\/\/ottawacornwall.ca\/fr\/wp-json\/wp\/v2\/pages\/29569\/revisions\/29573"}],"wp:attachment":[{"href":"https:\/\/ottawacornwall.ca\/fr\/wp-json\/wp\/v2\/media?parent=29569"}],"curies":[{"name":"wp","href":"https:\/\/api.w.org\/{rel}","templated":true}]}}