{"id":29595,"date":"2025-03-20T10:44:49","date_gmt":"2025-03-20T14:44:49","guid":{"rendered":"https:\/\/wp268132.wpdns.ca\/liturgical-and-devotional-resources\/"},"modified":"2025-03-26T11:22:27","modified_gmt":"2025-03-26T15:22:27","slug":"liturgical-and-devotional-resources","status":"publish","type":"page","link":"https:\/\/ottawacornwall.ca\/fr\/liturgical-and-devotional-resources\/","title":{"rendered":"Ressources liturgiques et d\u00e9votionnelles"},"content":{"rendered":"\t\t<div data-elementor-type=\"wp-page\" data-elementor-id=\"29595\" class=\"elementor elementor-29595 elementor-28917\" data-elementor-post-type=\"page\">\n\t\t\t\t\t\t<section class=\"elementor-section elementor-top-section elementor-element elementor-element-75ba3668 pt-240 pb-120 inner-banner elementor-section-boxed elementor-section-height-default elementor-section-height-default\" data-id=\"75ba3668\" data-element_type=\"section\" data-settings=\"{&quot;background_background&quot;:&quot;classic&quot;}\">\n\t\t\t\t\t\t\t<div class=\"elementor-background-overlay\"><\/div>\n\t\t\t\t\t\t\t<div class=\"elementor-container elementor-column-gap-default\">\n\t\t\t\t\t<div class=\"elementor-column elementor-col-100 elementor-top-column elementor-element elementor-element-226a9ab3\" data-id=\"226a9ab3\" data-element_type=\"column\">\n\t\t\t<div class=\"elementor-widget-wrap elementor-element-populated\">\n\t\t\t\t\t\t<div class=\"elementor-element elementor-element-3533fb1d elementor-widget elementor-widget-heading\" data-id=\"3533fb1d\" data-element_type=\"widget\" data-widget_type=\"heading.default\">\n\t\t\t\t<div class=\"elementor-widget-container\">\n\t\t\t\t\t<h1 class=\"elementor-heading-title elementor-size-default\">Ressources liturgiques et d\u00e9votionnelles<\/h1>\t\t\t\t<\/div>\n\t\t\t\t<\/div>\n\t\t\t\t\t<\/div>\n\t\t<\/div>\n\t\t\t\t\t<\/div>\n\t\t<\/section>\n\t\t\t\t<section class=\"elementor-section elementor-top-section elementor-element elementor-element-5f2b9475 pt-100 pb-50 custom-right-babal-sec p-lr elementor-section-boxed elementor-section-height-default elementor-section-height-default\" data-id=\"5f2b9475\" data-element_type=\"section\">\n\t\t\t\t\t\t<div class=\"elementor-container elementor-column-gap-default\">\n\t\t\t\t\t<div class=\"elementor-column elementor-col-100 elementor-top-column elementor-element elementor-element-4699cf90 pr-30\" data-id=\"4699cf90\" data-element_type=\"column\">\n\t\t\t<div class=\"elementor-widget-wrap elementor-element-populated\">\n\t\t\t\t\t\t<div class=\"elementor-element elementor-element-b6cc663 pt-50 elementor-widget elementor-widget-text-editor\" data-id=\"b6cc663\" data-element_type=\"widget\" data-widget_type=\"text-editor.default\">\n\t\t\t\t<div class=\"elementor-widget-container\">\n\t\t\t\t\t\t\t\t\t<h3><span style=\"color: #000000;\">Ressources liturgiques<\/span><\/h3><p>\u00a0<\/p><p><span style=\"text-decoration: underline;\"><span style=\"color: #000000; text-decoration: underline;\"><a style=\"color: #000000; text-decoration: underline;\" href=\"https:\/\/www.cecc.ca\/wp-content\/uploads\/2024\/12\/Textes-Liturgiques-FR.pdf\" target=\"_blank\" rel=\"noopener\">Textes Liturgiques FR<\/a><\/span><\/span><\/p><p>\u00a0<\/p><p><span style=\"text-decoration: underline;\"><span style=\"color: #000000; text-decoration: underline;\"><a style=\"color: #000000; text-decoration: underline;\" href=\"https:\/\/www.cecc.ca\/wp-content\/uploads\/2024\/12\/Messa-Giubileo-2025-FRA-def.pdf\" target=\"_blank\" rel=\"noopener\">Messa Giubileo 2025 FRA<\/a><\/span><\/span><\/p><p>\u00a0<\/p>\t\t\t\t\t\t\t\t<\/div>\n\t\t\t\t<\/div>\n\t\t\t\t<div class=\"elementor-element elementor-element-4119a4d pt-50 elementor-widget elementor-widget-text-editor\" data-id=\"4119a4d\" data-element_type=\"widget\" data-widget_type=\"text-editor.default\">\n\t\t\t\t<div class=\"elementor-widget-container\">\n\t\t\t\t\t\t\t\t\t<h3>Ressources d\u00e9votionnelles<\/h3><div><br><\/div>\n<p><span style=\"text-decoration: underline;\"><span style=\"color: #000000; text-decoration: underline;\"><a style=\"color: #000000; text-decoration: underline;\" href=\"https:\/\/www.cecc.ca\/wp-content\/uploads\/2024\/12\/Ressource-catechetique-sur-les-indulgences-plenier-es-pendant-l_annee-jubilaire.pdf\" target=\"_blank\" rel=\"noopener\">Ressource cat\u00e9ch\u00e9tique sur les indulgences pl\u00e9ni\u00e9res l\u2019ann\u00e9e jubilaire<\/a><\/span><\/span><\/p><p><span style=\"text-decoration: underline;\"><br><\/span><\/p>\n<p><span style=\"text-decoration: underline;\"><span style=\"color: #000000; text-decoration: underline;\"><a style=\"color: #000000; text-decoration: underline;\" href=\"https:\/\/www.cecc.ca\/wp-content\/uploads\/2024\/12\/LA-BENEDICTION-APOSTOLIQUE-FR.pdf\" target=\"_blank\" rel=\"noopener\">La B\u00e9n\u00e9diction apostolique<\/a><\/span><\/span><\/p>\n<p><\/p>\t\t\t\t\t\t\t\t<\/div>\n\t\t\t\t<\/div>\n\t\t\t\t\t<\/div>\n\t\t<\/div>\n\t\t\t\t\t<\/div>\n\t\t<\/section>\n\t\t\t\t<\/div>\n\t\t","protected":false},"excerpt":{"rendered":"<p>Ressources liturgiques et d\u00e9votionnelles Ressources liturgiques Textes Liturgiques FR Messa Giubileo 2025 FRA Ressources d\u00e9votionnelles &nbsp; Ressource cat\u00e9ch\u00e9tique sur les indulgences pl\u00e9ni\u00e9res l\u2019ann\u00e9e jubilaire &nbsp; La B\u00e9n\u00e9diction apostolique<\/p>\n","protected":false},"author":20,"featured_media":0,"parent":0,"menu_order":1,"comment_status":"closed","ping_status":"closed","template":"","meta":{"_acf_changed":false,"footnotes":""},"class_list":["post-29595","page","type-page","status-publish","hentry"],"acf":[],"yoast_head":"<!-- This site is optimized with the Yoast SEO plugin v27.3 - https:\/\/yoast.com\/product\/yoast-seo-wordpress\/ -->\n<title>Ressources liturgiques et d\u00e9votionnelles - Archdiocese of Ottawa-Cornwall<\/title>\n<meta name=\"robots\" content=\"index, follow, max-snippet:-1, max-image-preview:large, max-video-preview:-1\" \/>\n<link rel=\"canonical\" href=\"https:\/\/ottawacornwall.ca\/fr\/liturgical-and-devotional-resources\/\" \/>\n<meta property=\"og:locale\" content=\"fr_FR\" \/>\n<meta property=\"og:type\" content=\"article\" \/>\n<meta property=\"og:title\" content=\"Ressources liturgiques et d\u00e9votionnelles - Archdiocese of Ottawa-Cornwall\" \/>\n<meta property=\"og:description\" content=\"Ressources liturgiques et d\u00e9votionnelles Ressources liturgiques Textes Liturgiques FR Messa Giubileo 2025 FRA Ressources d\u00e9votionnelles &nbsp; Ressource cat\u00e9ch\u00e9tique sur les indulgences pl\u00e9ni\u00e9res l\u2019ann\u00e9e jubilaire &nbsp; La B\u00e9n\u00e9diction apostolique\" \/>\n<meta property=\"og:url\" content=\"https:\/\/ottawacornwall.ca\/fr\/liturgical-and-devotional-resources\/\" \/>\n<meta property=\"og:site_name\" content=\"Archdiocese of Ottawa-Cornwall\" \/>\n<meta property=\"article:modified_time\" content=\"2025-03-26T15:22:27+00:00\" \/>\n<meta name=\"twitter:card\" content=\"summary_large_image\" \/>\n<meta name=\"twitter:label1\" content=\"Dur\u00e9e de lecture estim\u00e9e\" \/>\n\t<meta name=\"twitter:data1\" content=\"1 minute\" \/>\n<script type=\"application\/ld+json\" class=\"yoast-schema-graph\">{\"@context\":\"https:\\\/\\\/schema.org\",\"@graph\":[{\"@type\":\"WebPage\",\"@id\":\"https:\\\/\\\/ottawacornwall.ca\\\/fr\\\/liturgical-and-devotional-resources\\\/\",\"url\":\"https:\\\/\\\/ottawacornwall.ca\\\/fr\\\/liturgical-and-devotional-resources\\\/\",\"name\":\"Ressources liturgiques et d\u00e9votionnelles - Archdiocese of Ottawa-Cornwall\",\"isPartOf\":{\"@id\":\"https:\\\/\\\/ottawacornwall.ca\\\/#website\"},\"datePublished\":\"2025-03-20T14:44:49+00:00\",\"dateModified\":\"2025-03-26T15:22:27+00:00\",\"breadcrumb\":{\"@id\":\"https:\\\/\\\/ottawacornwall.ca\\\/fr\\\/liturgical-and-devotional-resources\\\/#breadcrumb\"},\"inLanguage\":\"fr-FR\",\"potentialAction\":[{\"@type\":\"ReadAction\",\"target\":[\"https:\\\/\\\/ottawacornwall.ca\\\/fr\\\/liturgical-and-devotional-resources\\\/\"]}]},{\"@type\":\"BreadcrumbList\",\"@id\":\"https:\\\/\\\/ottawacornwall.ca\\\/fr\\\/liturgical-and-devotional-resources\\\/#breadcrumb\",\"itemListElement\":[{\"@type\":\"ListItem\",\"position\":1,\"name\":\"Home\",\"item\":\"https:\\\/\\\/ottawacornwall.ca\\\/fr\\\/\"},{\"@type\":\"ListItem\",\"position\":2,\"name\":\"Ressources liturgiques et d\u00e9votionnelles\"}]},{\"@type\":\"WebSite\",\"@id\":\"https:\\\/\\\/ottawacornwall.ca\\\/#website\",\"url\":\"https:\\\/\\\/ottawacornwall.ca\\\/\",\"name\":\"Archdiocese of Ottawa-Cornwall\",\"description\":\"Welcome to the  Ottawa-Cornwall Archdiocese!\",\"publisher\":{\"@id\":\"https:\\\/\\\/ottawacornwall.ca\\\/#organization\"},\"potentialAction\":[{\"@type\":\"SearchAction\",\"target\":{\"@type\":\"EntryPoint\",\"urlTemplate\":\"https:\\\/\\\/ottawacornwall.ca\\\/?s={search_term_string}\"},\"query-input\":{\"@type\":\"PropertyValueSpecification\",\"valueRequired\":true,\"valueName\":\"search_term_string\"}}],\"inLanguage\":\"fr-FR\"},{\"@type\":\"Organization\",\"@id\":\"https:\\\/\\\/ottawacornwall.ca\\\/#organization\",\"name\":\"Archdiocese of Ottawa-Cornwall\",\"url\":\"https:\\\/\\\/ottawacornwall.ca\\\/\",\"logo\":{\"@type\":\"ImageObject\",\"inLanguage\":\"fr-FR\",\"@id\":\"https:\\\/\\\/ottawacornwall.ca\\\/#\\\/schema\\\/logo\\\/image\\\/\",\"url\":\"https:\\\/\\\/ottawacornwall.ca\\\/wp-content\\\/uploads\\\/2022\\\/11\\\/Archdiocese-Logo-Horizontal-Reverse-1.svg\",\"contentUrl\":\"https:\\\/\\\/ottawacornwall.ca\\\/wp-content\\\/uploads\\\/2022\\\/11\\\/Archdiocese-Logo-Horizontal-Reverse-1.svg\",\"caption\":\"Archdiocese of Ottawa-Cornwall\"},\"image\":{\"@id\":\"https:\\\/\\\/ottawacornwall.ca\\\/#\\\/schema\\\/logo\\\/image\\\/\"}}]}<\/script>\n<!-- \/ Yoast SEO plugin. -->","yoast_head_json":{"title":"Ressources liturgiques et d\u00e9votionnelles - Archdiocese of Ottawa-Cornwall","robots":{"index":"index","follow":"follow","max-snippet":"max-snippet:-1","max-image-preview":"max-image-preview:large","max-video-preview":"max-video-preview:-1"},"canonical":"https:\/\/ottawacornwall.ca\/fr\/liturgical-and-devotional-resources\/","og_locale":"fr_FR","og_type":"article","og_title":"Ressources liturgiques et d\u00e9votionnelles - Archdiocese of Ottawa-Cornwall","og_description":"Ressources liturgiques et d\u00e9votionnelles Ressources liturgiques Textes Liturgiques FR Messa Giubileo 2025 FRA Ressources d\u00e9votionnelles &nbsp; Ressource cat\u00e9ch\u00e9tique sur les indulgences pl\u00e9ni\u00e9res l\u2019ann\u00e9e jubilaire &nbsp; La B\u00e9n\u00e9diction apostolique","og_url":"https:\/\/ottawacornwall.ca\/fr\/liturgical-and-devotional-resources\/","og_site_name":"Archdiocese of Ottawa-Cornwall","article_modified_time":"2025-03-26T15:22:27+00:00","twitter_card":"summary_large_image","twitter_misc":{"Dur\u00e9e de lecture estim\u00e9e":"1 minute"},"schema":{"@context":"https:\/\/schema.org","@graph":[{"@type":"WebPage","@id":"https:\/\/ottawacornwall.ca\/fr\/liturgical-and-devotional-resources\/","url":"https:\/\/ottawacornwall.ca\/fr\/liturgical-and-devotional-resources\/","name":"Ressources liturgiques et d\u00e9votionnelles - Archdiocese of Ottawa-Cornwall","isPartOf":{"@id":"https:\/\/ottawacornwall.ca\/#website"},"datePublished":"2025-03-20T14:44:49+00:00","dateModified":"2025-03-26T15:22:27+00:00","breadcrumb":{"@id":"https:\/\/ottawacornwall.ca\/fr\/liturgical-and-devotional-resources\/#breadcrumb"},"inLanguage":"fr-FR","potentialAction":[{"@type":"ReadAction","target":["https:\/\/ottawacornwall.ca\/fr\/liturgical-and-devotional-resources\/"]}]},{"@type":"BreadcrumbList","@id":"https:\/\/ottawacornwall.ca\/fr\/liturgical-and-devotional-resources\/#breadcrumb","itemListElement":[{"@type":"ListItem","position":1,"name":"Home","item":"https:\/\/ottawacornwall.ca\/fr\/"},{"@type":"ListItem","position":2,"name":"Ressources liturgiques et d\u00e9votionnelles"}]},{"@type":"WebSite","@id":"https:\/\/ottawacornwall.ca\/#website","url":"https:\/\/ottawacornwall.ca\/","name":"Archdiocese of Ottawa-Cornwall","description":"Welcome to the  Ottawa-Cornwall Archdiocese!","publisher":{"@id":"https:\/\/ottawacornwall.ca\/#organization"},"potentialAction":[{"@type":"SearchAction","target":{"@type":"EntryPoint","urlTemplate":"https:\/\/ottawacornwall.ca\/?s={search_term_string}"},"query-input":{"@type":"PropertyValueSpecification","valueRequired":true,"valueName":"search_term_string"}}],"inLanguage":"fr-FR"},{"@type":"Organization","@id":"https:\/\/ottawacornwall.ca\/#organization","name":"Archdiocese of Ottawa-Cornwall","url":"https:\/\/ottawacornwall.ca\/","logo":{"@type":"ImageObject","inLanguage":"fr-FR","@id":"https:\/\/ottawacornwall.ca\/#\/schema\/logo\/image\/","url":"https:\/\/ottawacornwall.ca\/wp-content\/uploads\/2022\/11\/Archdiocese-Logo-Horizontal-Reverse-1.svg","contentUrl":"https:\/\/ottawacornwall.ca\/wp-content\/uploads\/2022\/11\/Archdiocese-Logo-Horizontal-Reverse-1.svg","caption":"Archdiocese of Ottawa-Cornwall"},"image":{"@id":"https:\/\/ottawacornwall.ca\/#\/schema\/logo\/image\/"}}]}},"_links":{"self":[{"href":"https:\/\/ottawacornwall.ca\/fr\/wp-json\/wp\/v2\/pages\/29595","targetHints":{"allow":["GET"]}}],"collection":[{"href":"https:\/\/ottawacornwall.ca\/fr\/wp-json\/wp\/v2\/pages"}],"about":[{"href":"https:\/\/ottawacornwall.ca\/fr\/wp-json\/wp\/v2\/types\/page"}],"author":[{"embeddable":true,"href":"https:\/\/ottawacornwall.ca\/fr\/wp-json\/wp\/v2\/users\/20"}],"replies":[{"embeddable":true,"href":"https:\/\/ottawacornwall.ca\/fr\/wp-json\/wp\/v2\/comments?post=29595"}],"version-history":[{"count":6,"href":"https:\/\/ottawacornwall.ca\/fr\/wp-json\/wp\/v2\/pages\/29595\/revisions"}],"predecessor-version":[{"id":29601,"href":"https:\/\/ottawacornwall.ca\/fr\/wp-json\/wp\/v2\/pages\/29595\/revisions\/29601"}],"wp:attachment":[{"href":"https:\/\/ottawacornwall.ca\/fr\/wp-json\/wp\/v2\/media?parent=29595"}],"curies":[{"name":"wp","href":"https:\/\/api.w.org\/{rel}","templated":true}]}}