{"id":6533,"date":"2023-01-08T16:44:28","date_gmt":"2023-01-08T21:44:28","guid":{"rendered":"https:\/\/wp268132.wpdns.ca\/meaning-of-life\/"},"modified":"2024-04-18T13:17:12","modified_gmt":"2024-04-18T18:17:12","slug":"comment-connaitre-jesus","status":"publish","type":"page","link":"https:\/\/ottawacornwall.ca\/fr\/comment-connaitre-jesus\/","title":{"rendered":"Comment conna\u00eetre J\u00e9sus?"},"content":{"rendered":"\t\t<div data-elementor-type=\"wp-page\" data-elementor-id=\"6533\" class=\"elementor elementor-6533 elementor-1920\" data-elementor-post-type=\"page\">\n\t\t\t\t\t\t<section class=\"elementor-section elementor-top-section elementor-element elementor-element-75ba3668 pt-240 pb-120 inner-banner elementor-section-boxed elementor-section-height-default elementor-section-height-default\" data-id=\"75ba3668\" data-element_type=\"section\" data-settings=\"{&quot;background_background&quot;:&quot;classic&quot;}\">\n\t\t\t\t\t\t\t<div class=\"elementor-background-overlay\"><\/div>\n\t\t\t\t\t\t\t<div class=\"elementor-container elementor-column-gap-default\">\n\t\t\t\t\t<div class=\"elementor-column elementor-col-100 elementor-top-column elementor-element elementor-element-226a9ab3\" data-id=\"226a9ab3\" data-element_type=\"column\">\n\t\t\t<div class=\"elementor-widget-wrap elementor-element-populated\">\n\t\t\t\t\t\t<div class=\"elementor-element elementor-element-3533fb1d elementor-widget elementor-widget-heading\" data-id=\"3533fb1d\" data-element_type=\"widget\" data-widget_type=\"heading.default\">\n\t\t\t\t<div class=\"elementor-widget-container\">\n\t\t\t\t\t<h1 class=\"elementor-heading-title elementor-size-default\">Comment conna\u00eetre J\u00e9sus?<\/h1>\t\t\t\t<\/div>\n\t\t\t\t<\/div>\n\t\t\t\t\t<\/div>\n\t\t<\/div>\n\t\t\t\t\t<\/div>\n\t\t<\/section>\n\t\t\t\t<section class=\"elementor-section elementor-top-section elementor-element elementor-element-0577c07 pt-100 custom-right-babal-sec p-lr elementor-section-boxed elementor-section-height-default elementor-section-height-default\" data-id=\"0577c07\" data-element_type=\"section\">\n\t\t\t\t\t\t<div class=\"elementor-container elementor-column-gap-default\">\n\t\t\t\t\t<div class=\"elementor-column elementor-col-50 elementor-top-column elementor-element elementor-element-32f0b07 pr-30\" data-id=\"32f0b07\" data-element_type=\"column\">\n\t\t\t<div class=\"elementor-widget-wrap elementor-element-populated\">\n\t\t\t\t\t\t<div class=\"elementor-element elementor-element-d70a17c pt-50 elementor-widget elementor-widget-text-editor\" data-id=\"d70a17c\" data-element_type=\"widget\" data-widget_type=\"text-editor.default\">\n\t\t\t\t<div class=\"elementor-widget-container\">\n\t\t\t\t\t\t\t\t\t<p>Si vous pouviez le faire, voudriez-vous vous asseoir avec J\u00e9sus et lui parler face \u00e0 face?<\/p><p>\u00a0<\/p><p>Bien des gens imaginent Dieu comme une figure paternelle, loin dans les nuages. C\u2019est facile de se dire qu\u2019il est trop occup\u00e9 pour remarquer le menu d\u00e9tail de nos vies. Pourquoi se soucierait-il de nos factures \u00e0 payer ou de notre sant\u00e9 mentale qui d\u00e9cline? Une peine d\u2019amour ne ferait que le d\u00e9ranger, non?<\/p><p>\u00a0<\/p><p>Vous n\u2019\u00eates pas un d\u00e9rangement ni une arri\u00e8re-pens\u00e9e pour Dieu. Sachant l\u2019humanit\u00e9 bris\u00e9e et qu\u2019elle se d\u00e9tournerait de lui de mille fa\u00e7ons, Dieu est descendu de son tr\u00f4ne c\u00e9leste jusqu\u2019\u00e0 notre d\u00e9sordre terrestre. Il est venu sous les traits d\u2019un petit enfant pour que nous allions vers lui sans crainte. Il s\u2019est fait petit pour nous accompagner dans notre souffrance.<\/p>\t\t\t\t\t\t\t\t<\/div>\n\t\t\t\t<\/div>\n\t\t\t\t\t<\/div>\n\t\t<\/div>\n\t\t\t\t<div class=\"elementor-column elementor-col-50 elementor-top-column elementor-element elementor-element-432274b\" data-id=\"432274b\" data-element_type=\"column\">\n\t\t\t<div class=\"elementor-widget-wrap elementor-element-populated\">\n\t\t\t\t\t\t<div class=\"elementor-element elementor-element-2813c10 elementor-widget elementor-widget-image\" data-id=\"2813c10\" data-element_type=\"widget\" data-widget_type=\"image.default\">\n\t\t\t\t<div class=\"elementor-widget-container\">\n\t\t\t\t\t\t\t\t\t\t\t\t\t\t\t<img fetchpriority=\"high\" decoding=\"async\" width=\"800\" height=\"534\" src=\"https:\/\/ottawacornwall.ca\/wp-content\/uploads\/2023\/07\/priscilla-du-preez-SSh9O_-sTzg-unsplash-1024x683.jpg\" class=\"attachment-large size-large wp-image-11019\" alt=\"\" srcset=\"https:\/\/ottawacornwall.ca\/wp-content\/uploads\/2023\/07\/priscilla-du-preez-SSh9O_-sTzg-unsplash-1024x683.jpg 1024w, https:\/\/ottawacornwall.ca\/wp-content\/uploads\/2023\/07\/priscilla-du-preez-SSh9O_-sTzg-unsplash-300x200.jpg 300w, https:\/\/ottawacornwall.ca\/wp-content\/uploads\/2023\/07\/priscilla-du-preez-SSh9O_-sTzg-unsplash-768x512.jpg 768w, https:\/\/ottawacornwall.ca\/wp-content\/uploads\/2023\/07\/priscilla-du-preez-SSh9O_-sTzg-unsplash-1536x1024.jpg 1536w, https:\/\/ottawacornwall.ca\/wp-content\/uploads\/2023\/07\/priscilla-du-preez-SSh9O_-sTzg-unsplash-2048x1365.jpg 2048w\" sizes=\"(max-width: 800px) 100vw, 800px\" \/>\t\t\t\t\t\t\t\t\t\t\t\t\t\t\t<\/div>\n\t\t\t\t<\/div>\n\t\t\t\t\t<\/div>\n\t\t<\/div>\n\t\t\t\t\t<\/div>\n\t\t<\/section>\n\t\t<div class=\"elementor-element elementor-element-4c0b04c e-flex e-con-boxed e-con e-parent\" data-id=\"4c0b04c\" data-element_type=\"container\">\n\t\t\t\t\t<div class=\"e-con-inner\">\n\t\t\t\t<div class=\"elementor-element elementor-element-19c3638 elementor-widget elementor-widget-text-editor\" data-id=\"19c3638\" data-element_type=\"widget\" data-widget_type=\"text-editor.default\">\n\t\t\t\t<div class=\"elementor-widget-container\">\n\t\t\t\t\t\t\t\t\t<p>C\u2019est la v\u00e9rit\u00e9 la plus simple : Dieu vous aime. Peut-\u00eatre avez-vous entendu ces mots si souvent qu\u2019ils ont perdu leur sens. Mais l\u2019amour de Dieu n\u2019a rien d\u2019abstrait. Guid\u00e9 par cet amour, il porte sur ses \u00e9paules vos pires fautes. Du haut de la croix, il pensait \u00e0 vous. En sortant du tombeau, il a surv\u00e9cu \u00e0 vos p\u00e9ch\u00e9s.<\/p><p>\u00a0<\/p><p>J\u00e9sus d\u00e9sire vous conna\u00eetre personnellement. Il suit de pr\u00e8s les d\u00e9tails de votre vie, pas pour vous contr\u00f4ler, mais pour vous aimer \u00e0 travers les hauts et les bas de l\u2019existence. Il ne vous contraint \u00e0 rien. Il attend votre r\u00e9ponse.<\/p><p>\u00a0<\/p><p>Vous aurez des doutes, et c\u2019est normal. Les enseignements et les myst\u00e8res vous sembleront parfois difficiles \u00e0 croire. Mais alors, votre c\u0153ur tressaille : c\u2019est J\u00e9sus qui vous appelle. Lui seul sait combler le d\u00e9sir br\u00fblant dans votre c\u0153ur.<\/p><p>\u00a0<\/p><p>R\u00e9pondrez-vous \u00e0 son appel?<\/p>\t\t\t\t\t\t\t\t<\/div>\n\t\t\t\t<\/div>\n\t\t\t\t<div class=\"elementor-element elementor-element-74f198e elementor-widget elementor-widget-text-editor\" data-id=\"74f198e\" data-element_type=\"widget\" data-widget_type=\"text-editor.default\">\n\t\t\t\t<div class=\"elementor-widget-container\">\n\t\t\t\t\t\t\t\t\t<p><strong>J\u00e9sus, j\u2019entends ton appel.<\/strong><\/p><p><strong> Malgr\u00e9 mes craintes et mes doutes, je t\u2019entends. <\/strong><\/p><p><strong>R\u00e9v\u00e8le-moi ton amour.<\/strong><\/p><p><strong> Entre dans ma vie.<\/strong><\/p><p><strong>Amen.<\/strong><\/p>\t\t\t\t\t\t\t\t<\/div>\n\t\t\t\t<\/div>\n\t\t\t\t\t<\/div>\n\t\t\t\t<\/div>\n\t\t\t\t<section class=\"elementor-section elementor-top-section elementor-element elementor-element-8928ae7 elementor-section-full_width p-lr pt-110 pb-170 life-question elementor-section-height-default elementor-section-height-default\" data-id=\"8928ae7\" data-element_type=\"section\" data-settings=\"{&quot;background_background&quot;:&quot;classic&quot;}\">\n\t\t\t\t\t\t<div class=\"elementor-container elementor-column-gap-default\">\n\t\t\t\t\t<div class=\"elementor-column elementor-col-100 elementor-top-column elementor-element elementor-element-241c879\" data-id=\"241c879\" data-element_type=\"column\">\n\t\t\t<div class=\"elementor-widget-wrap elementor-element-populated\">\n\t\t\t\t\t\t<section class=\"elementor-section elementor-inner-section elementor-element elementor-element-5b0ae27 elementor-section-boxed elementor-section-height-default elementor-section-height-default\" data-id=\"5b0ae27\" data-element_type=\"section\">\n\t\t\t\t\t\t<div class=\"elementor-container elementor-column-gap-default\">\n\t\t\t\t\t<div class=\"elementor-column elementor-col-100 elementor-inner-column elementor-element elementor-element-0762749\" data-id=\"0762749\" data-element_type=\"column\">\n\t\t\t<div class=\"elementor-widget-wrap elementor-element-populated\">\n\t\t\t\t\t\t<div class=\"elementor-element elementor-element-7105f9f elementor-widget elementor-widget-heading\" data-id=\"7105f9f\" data-element_type=\"widget\" data-widget_type=\"heading.default\">\n\t\t\t\t<div class=\"elementor-widget-container\">\n\t\t\t\t\t<h2 class=\"elementor-heading-title elementor-size-default\">Les grandes questions <br><span>de la vie <\/span><\/h2>\t\t\t\t<\/div>\n\t\t\t\t<\/div>\n\t\t\t\t\t<\/div>\n\t\t<\/div>\n\t\t\t\t\t<\/div>\n\t\t<\/section>\n\t\t\t\t<section class=\"elementor-section elementor-inner-section elementor-element elementor-element-43036fb pt-60 questions-column elementor-section-boxed elementor-section-height-default elementor-section-height-default\" data-id=\"43036fb\" data-element_type=\"section\">\n\t\t\t\t\t\t<div class=\"elementor-container elementor-column-gap-default\">\n\t\t\t\t\t<div class=\"elementor-column elementor-col-33 elementor-inner-column elementor-element elementor-element-cfae4e0\" data-id=\"cfae4e0\" data-element_type=\"column\">\n\t\t\t<div class=\"elementor-widget-wrap elementor-element-populated\">\n\t\t\t\t\t\t<div class=\"elementor-element elementor-element-699c57b elementor-position-top elementor-widget elementor-widget-image-box\" data-id=\"699c57b\" data-element_type=\"widget\" data-widget_type=\"image-box.default\">\n\t\t\t\t<div class=\"elementor-widget-container\">\n\t\t\t\t\t<div class=\"elementor-image-box-wrapper\"><figure class=\"elementor-image-box-img\"><a href=\"\/fr\/qui-est-jesus\/\" tabindex=\"-1\"><img decoding=\"async\" width=\"2048\" height=\"2560\" src=\"https:\/\/ottawacornwall.ca\/wp-content\/uploads\/2024\/04\/pexels-emrecan-2079661-scaled.jpg\" class=\"attachment-full size-full wp-image-19371\" alt=\"\" srcset=\"https:\/\/ottawacornwall.ca\/wp-content\/uploads\/2024\/04\/pexels-emrecan-2079661-scaled.jpg 2048w, https:\/\/ottawacornwall.ca\/wp-content\/uploads\/2024\/04\/pexels-emrecan-2079661-240x300.jpg 240w, https:\/\/ottawacornwall.ca\/wp-content\/uploads\/2024\/04\/pexels-emrecan-2079661-819x1024.jpg 819w, https:\/\/ottawacornwall.ca\/wp-content\/uploads\/2024\/04\/pexels-emrecan-2079661-768x960.jpg 768w, https:\/\/ottawacornwall.ca\/wp-content\/uploads\/2024\/04\/pexels-emrecan-2079661-1229x1536.jpg 1229w, https:\/\/ottawacornwall.ca\/wp-content\/uploads\/2024\/04\/pexels-emrecan-2079661-1638x2048.jpg 1638w\" sizes=\"(max-width: 2048px) 100vw, 2048px\" \/><\/a><\/figure><div class=\"elementor-image-box-content\"><h3 class=\"elementor-image-box-title\"><a href=\"\/fr\/qui-est-jesus\/\"> Qui est J\u00e9sus?<\/a><\/h3><\/div><\/div>\t\t\t\t<\/div>\n\t\t\t\t<\/div>\n\t\t\t\t\t<\/div>\n\t\t<\/div>\n\t\t\t\t<div class=\"elementor-column elementor-col-33 elementor-inner-column elementor-element elementor-element-9a80397\" data-id=\"9a80397\" data-element_type=\"column\">\n\t\t\t<div class=\"elementor-widget-wrap elementor-element-populated\">\n\t\t\t\t\t\t<div class=\"elementor-element elementor-element-0ace736 elementor-position-top elementor-widget elementor-widget-image-box\" data-id=\"0ace736\" data-element_type=\"widget\" data-widget_type=\"image-box.default\">\n\t\t\t\t<div class=\"elementor-widget-container\">\n\t\t\t\t\t<div class=\"elementor-image-box-wrapper\"><figure class=\"elementor-image-box-img\"><a href=\"\/fr\/ai-je-besoin-de-jesus\" tabindex=\"-1\"><img decoding=\"async\" width=\"1708\" height=\"2560\" src=\"https:\/\/ottawacornwall.ca\/wp-content\/uploads\/2024\/04\/thomas-schutze-f7jGFdfui4Q-unsplash-scaled.jpg\" class=\"attachment-full size-full wp-image-19326\" alt=\"\" srcset=\"https:\/\/ottawacornwall.ca\/wp-content\/uploads\/2024\/04\/thomas-schutze-f7jGFdfui4Q-unsplash-scaled.jpg 1708w, https:\/\/ottawacornwall.ca\/wp-content\/uploads\/2024\/04\/thomas-schutze-f7jGFdfui4Q-unsplash-200x300.jpg 200w, https:\/\/ottawacornwall.ca\/wp-content\/uploads\/2024\/04\/thomas-schutze-f7jGFdfui4Q-unsplash-683x1024.jpg 683w, https:\/\/ottawacornwall.ca\/wp-content\/uploads\/2024\/04\/thomas-schutze-f7jGFdfui4Q-unsplash-768x1151.jpg 768w, https:\/\/ottawacornwall.ca\/wp-content\/uploads\/2024\/04\/thomas-schutze-f7jGFdfui4Q-unsplash-1025x1536.jpg 1025w, https:\/\/ottawacornwall.ca\/wp-content\/uploads\/2024\/04\/thomas-schutze-f7jGFdfui4Q-unsplash-1367x2048.jpg 1367w\" sizes=\"(max-width: 1708px) 100vw, 1708px\" \/><\/a><\/figure><div class=\"elementor-image-box-content\"><h3 class=\"elementor-image-box-title\"><a href=\"\/fr\/ai-je-besoin-de-jesus\">Ai-je besoin de J\u00e9sus?<\/a><\/h3><\/div><\/div>\t\t\t\t<\/div>\n\t\t\t\t<\/div>\n\t\t\t\t\t<\/div>\n\t\t<\/div>\n\t\t\t\t<div class=\"elementor-column elementor-col-33 elementor-inner-column elementor-element elementor-element-a8d378e\" data-id=\"a8d378e\" data-element_type=\"column\">\n\t\t\t<div class=\"elementor-widget-wrap elementor-element-populated\">\n\t\t\t\t\t\t<div class=\"elementor-element elementor-element-c32d071 elementor-position-top elementor-widget elementor-widget-image-box\" data-id=\"c32d071\" data-element_type=\"widget\" data-widget_type=\"image-box.default\">\n\t\t\t\t<div class=\"elementor-widget-container\">\n\t\t\t\t\t<div class=\"elementor-image-box-wrapper\"><figure class=\"elementor-image-box-img\"><a href=\"\/fr\/quel-est-le-sens-de-ma-vie\/\" tabindex=\"-1\"><img loading=\"lazy\" decoding=\"async\" width=\"2560\" height=\"1707\" src=\"https:\/\/ottawacornwall.ca\/wp-content\/uploads\/2023\/07\/priscilla-du-preez-SSh9O_-sTzg-unsplash-scaled.jpg\" class=\"attachment-full size-full wp-image-11019\" alt=\"\" srcset=\"https:\/\/ottawacornwall.ca\/wp-content\/uploads\/2023\/07\/priscilla-du-preez-SSh9O_-sTzg-unsplash-scaled.jpg 2560w, https:\/\/ottawacornwall.ca\/wp-content\/uploads\/2023\/07\/priscilla-du-preez-SSh9O_-sTzg-unsplash-300x200.jpg 300w, https:\/\/ottawacornwall.ca\/wp-content\/uploads\/2023\/07\/priscilla-du-preez-SSh9O_-sTzg-unsplash-1024x683.jpg 1024w, https:\/\/ottawacornwall.ca\/wp-content\/uploads\/2023\/07\/priscilla-du-preez-SSh9O_-sTzg-unsplash-768x512.jpg 768w, https:\/\/ottawacornwall.ca\/wp-content\/uploads\/2023\/07\/priscilla-du-preez-SSh9O_-sTzg-unsplash-1536x1024.jpg 1536w, https:\/\/ottawacornwall.ca\/wp-content\/uploads\/2023\/07\/priscilla-du-preez-SSh9O_-sTzg-unsplash-2048x1365.jpg 2048w\" sizes=\"(max-width: 2560px) 100vw, 2560px\" \/><\/a><\/figure><div class=\"elementor-image-box-content\"><h3 class=\"elementor-image-box-title\"><a href=\"\/fr\/quel-est-le-sens-de-ma-vie\/\">Comment conna\u00eetre J\u00e9sus?<\/a><\/h3><\/div><\/div>\t\t\t\t<\/div>\n\t\t\t\t<\/div>\n\t\t\t\t\t<\/div>\n\t\t<\/div>\n\t\t\t\t\t<\/div>\n\t\t<\/section>\n\t\t\t\t\t<\/div>\n\t\t<\/div>\n\t\t\t\t\t<\/div>\n\t\t<\/section>\n\t\t\t\t<\/div>\n\t\t","protected":false},"excerpt":{"rendered":"<p>Comment conna\u00eetre J\u00e9sus? Si vous pouviez le faire, voudriez-vous vous asseoir avec J\u00e9sus et lui parler face \u00e0 face? Bien des gens imaginent Dieu comme une figure paternelle, loin dans les nuages. C\u2019est facile de se dire qu\u2019il est trop occup\u00e9 pour remarquer le menu d\u00e9tail de nos vies. Pourquoi se soucierait-il de nos factures [&hellip;]<\/p>\n","protected":false},"author":6,"featured_media":0,"parent":0,"menu_order":0,"comment_status":"closed","ping_status":"closed","template":"","meta":{"_acf_changed":false,"footnotes":""},"class_list":["post-6533","page","type-page","status-publish","hentry"],"acf":[],"yoast_head":"<!-- This site is optimized with the Yoast SEO plugin v27.4 - https:\/\/yoast.com\/product\/yoast-seo-wordpress\/ -->\n<title>Comment conna\u00eetre J\u00e9sus? - Archdiocese of Ottawa-Cornwall<\/title>\n<meta name=\"robots\" content=\"index, follow, max-snippet:-1, max-image-preview:large, max-video-preview:-1\" \/>\n<link rel=\"canonical\" href=\"https:\/\/ottawacornwall.ca\/fr\/comment-connaitre-jesus\/\" \/>\n<meta property=\"og:locale\" content=\"fr_FR\" \/>\n<meta property=\"og:type\" content=\"article\" \/>\n<meta property=\"og:title\" content=\"Comment conna\u00eetre J\u00e9sus? - Archdiocese of Ottawa-Cornwall\" \/>\n<meta property=\"og:description\" content=\"Comment conna\u00eetre J\u00e9sus? Si vous pouviez le faire, voudriez-vous vous asseoir avec J\u00e9sus et lui parler face \u00e0 face? Bien des gens imaginent Dieu comme une figure paternelle, loin dans les nuages. C\u2019est facile de se dire qu\u2019il est trop occup\u00e9 pour remarquer le menu d\u00e9tail de nos vies. Pourquoi se soucierait-il de nos factures [&hellip;]\" \/>\n<meta property=\"og:url\" content=\"https:\/\/ottawacornwall.ca\/fr\/comment-connaitre-jesus\/\" \/>\n<meta property=\"og:site_name\" content=\"Archdiocese of Ottawa-Cornwall\" \/>\n<meta property=\"article:modified_time\" content=\"2024-04-18T18:17:12+00:00\" \/>\n<meta property=\"og:image\" content=\"http:\/\/ottawacornwall.ca\/wp-content\/uploads\/2023\/07\/priscilla-du-preez-SSh9O_-sTzg-unsplash-1024x683.jpg\" \/>\n<meta name=\"twitter:card\" content=\"summary_large_image\" \/>\n<meta name=\"twitter:label1\" content=\"Dur\u00e9e de lecture estim\u00e9e\" \/>\n\t<meta name=\"twitter:data1\" content=\"3 minutes\" \/>\n<script type=\"application\/ld+json\" class=\"yoast-schema-graph\">{\"@context\":\"https:\\\/\\\/schema.org\",\"@graph\":[{\"@type\":\"WebPage\",\"@id\":\"https:\\\/\\\/ottawacornwall.ca\\\/fr\\\/comment-connaitre-jesus\\\/\",\"url\":\"https:\\\/\\\/ottawacornwall.ca\\\/fr\\\/comment-connaitre-jesus\\\/\",\"name\":\"Comment conna\u00eetre J\u00e9sus? - Archdiocese of Ottawa-Cornwall\",\"isPartOf\":{\"@id\":\"https:\\\/\\\/ottawacornwall.ca\\\/#website\"},\"primaryImageOfPage\":{\"@id\":\"https:\\\/\\\/ottawacornwall.ca\\\/fr\\\/comment-connaitre-jesus\\\/#primaryimage\"},\"image\":{\"@id\":\"https:\\\/\\\/ottawacornwall.ca\\\/fr\\\/comment-connaitre-jesus\\\/#primaryimage\"},\"thumbnailUrl\":\"http:\\\/\\\/ottawacornwall.ca\\\/wp-content\\\/uploads\\\/2023\\\/07\\\/priscilla-du-preez-SSh9O_-sTzg-unsplash-1024x683.jpg\",\"datePublished\":\"2023-01-08T21:44:28+00:00\",\"dateModified\":\"2024-04-18T18:17:12+00:00\",\"breadcrumb\":{\"@id\":\"https:\\\/\\\/ottawacornwall.ca\\\/fr\\\/comment-connaitre-jesus\\\/#breadcrumb\"},\"inLanguage\":\"fr-FR\",\"potentialAction\":[{\"@type\":\"ReadAction\",\"target\":[\"https:\\\/\\\/ottawacornwall.ca\\\/fr\\\/comment-connaitre-jesus\\\/\"]}]},{\"@type\":\"ImageObject\",\"inLanguage\":\"fr-FR\",\"@id\":\"https:\\\/\\\/ottawacornwall.ca\\\/fr\\\/comment-connaitre-jesus\\\/#primaryimage\",\"url\":\"http:\\\/\\\/ottawacornwall.ca\\\/wp-content\\\/uploads\\\/2023\\\/07\\\/priscilla-du-preez-SSh9O_-sTzg-unsplash-1024x683.jpg\",\"contentUrl\":\"http:\\\/\\\/ottawacornwall.ca\\\/wp-content\\\/uploads\\\/2023\\\/07\\\/priscilla-du-preez-SSh9O_-sTzg-unsplash-1024x683.jpg\"},{\"@type\":\"BreadcrumbList\",\"@id\":\"https:\\\/\\\/ottawacornwall.ca\\\/fr\\\/comment-connaitre-jesus\\\/#breadcrumb\",\"itemListElement\":[{\"@type\":\"ListItem\",\"position\":1,\"name\":\"Home\",\"item\":\"https:\\\/\\\/ottawacornwall.ca\\\/fr\\\/\"},{\"@type\":\"ListItem\",\"position\":2,\"name\":\"Comment conna\u00eetre J\u00e9sus?\"}]},{\"@type\":\"WebSite\",\"@id\":\"https:\\\/\\\/ottawacornwall.ca\\\/#website\",\"url\":\"https:\\\/\\\/ottawacornwall.ca\\\/\",\"name\":\"Archdiocese of Ottawa-Cornwall\",\"description\":\"Welcome to the  Ottawa-Cornwall Archdiocese!\",\"publisher\":{\"@id\":\"https:\\\/\\\/ottawacornwall.ca\\\/#organization\"},\"potentialAction\":[{\"@type\":\"SearchAction\",\"target\":{\"@type\":\"EntryPoint\",\"urlTemplate\":\"https:\\\/\\\/ottawacornwall.ca\\\/?s={search_term_string}\"},\"query-input\":{\"@type\":\"PropertyValueSpecification\",\"valueRequired\":true,\"valueName\":\"search_term_string\"}}],\"inLanguage\":\"fr-FR\"},{\"@type\":\"Organization\",\"@id\":\"https:\\\/\\\/ottawacornwall.ca\\\/#organization\",\"name\":\"Archdiocese of Ottawa-Cornwall\",\"url\":\"https:\\\/\\\/ottawacornwall.ca\\\/\",\"logo\":{\"@type\":\"ImageObject\",\"inLanguage\":\"fr-FR\",\"@id\":\"https:\\\/\\\/ottawacornwall.ca\\\/#\\\/schema\\\/logo\\\/image\\\/\",\"url\":\"https:\\\/\\\/ottawacornwall.ca\\\/wp-content\\\/uploads\\\/2022\\\/11\\\/Archdiocese-Logo-Horizontal-Reverse-1.svg\",\"contentUrl\":\"https:\\\/\\\/ottawacornwall.ca\\\/wp-content\\\/uploads\\\/2022\\\/11\\\/Archdiocese-Logo-Horizontal-Reverse-1.svg\",\"caption\":\"Archdiocese of Ottawa-Cornwall\"},\"image\":{\"@id\":\"https:\\\/\\\/ottawacornwall.ca\\\/#\\\/schema\\\/logo\\\/image\\\/\"}}]}<\/script>\n<!-- \/ Yoast SEO plugin. -->","yoast_head_json":{"title":"Comment conna\u00eetre J\u00e9sus? - Archdiocese of Ottawa-Cornwall","robots":{"index":"index","follow":"follow","max-snippet":"max-snippet:-1","max-image-preview":"max-image-preview:large","max-video-preview":"max-video-preview:-1"},"canonical":"https:\/\/ottawacornwall.ca\/fr\/comment-connaitre-jesus\/","og_locale":"fr_FR","og_type":"article","og_title":"Comment conna\u00eetre J\u00e9sus? - Archdiocese of Ottawa-Cornwall","og_description":"Comment conna\u00eetre J\u00e9sus? Si vous pouviez le faire, voudriez-vous vous asseoir avec J\u00e9sus et lui parler face \u00e0 face? Bien des gens imaginent Dieu comme une figure paternelle, loin dans les nuages. C\u2019est facile de se dire qu\u2019il est trop occup\u00e9 pour remarquer le menu d\u00e9tail de nos vies. Pourquoi se soucierait-il de nos factures [&hellip;]","og_url":"https:\/\/ottawacornwall.ca\/fr\/comment-connaitre-jesus\/","og_site_name":"Archdiocese of Ottawa-Cornwall","article_modified_time":"2024-04-18T18:17:12+00:00","og_image":[{"url":"http:\/\/ottawacornwall.ca\/wp-content\/uploads\/2023\/07\/priscilla-du-preez-SSh9O_-sTzg-unsplash-1024x683.jpg","type":"","width":"","height":""}],"twitter_card":"summary_large_image","twitter_misc":{"Dur\u00e9e de lecture estim\u00e9e":"3 minutes"},"schema":{"@context":"https:\/\/schema.org","@graph":[{"@type":"WebPage","@id":"https:\/\/ottawacornwall.ca\/fr\/comment-connaitre-jesus\/","url":"https:\/\/ottawacornwall.ca\/fr\/comment-connaitre-jesus\/","name":"Comment conna\u00eetre J\u00e9sus? - Archdiocese of Ottawa-Cornwall","isPartOf":{"@id":"https:\/\/ottawacornwall.ca\/#website"},"primaryImageOfPage":{"@id":"https:\/\/ottawacornwall.ca\/fr\/comment-connaitre-jesus\/#primaryimage"},"image":{"@id":"https:\/\/ottawacornwall.ca\/fr\/comment-connaitre-jesus\/#primaryimage"},"thumbnailUrl":"http:\/\/ottawacornwall.ca\/wp-content\/uploads\/2023\/07\/priscilla-du-preez-SSh9O_-sTzg-unsplash-1024x683.jpg","datePublished":"2023-01-08T21:44:28+00:00","dateModified":"2024-04-18T18:17:12+00:00","breadcrumb":{"@id":"https:\/\/ottawacornwall.ca\/fr\/comment-connaitre-jesus\/#breadcrumb"},"inLanguage":"fr-FR","potentialAction":[{"@type":"ReadAction","target":["https:\/\/ottawacornwall.ca\/fr\/comment-connaitre-jesus\/"]}]},{"@type":"ImageObject","inLanguage":"fr-FR","@id":"https:\/\/ottawacornwall.ca\/fr\/comment-connaitre-jesus\/#primaryimage","url":"http:\/\/ottawacornwall.ca\/wp-content\/uploads\/2023\/07\/priscilla-du-preez-SSh9O_-sTzg-unsplash-1024x683.jpg","contentUrl":"http:\/\/ottawacornwall.ca\/wp-content\/uploads\/2023\/07\/priscilla-du-preez-SSh9O_-sTzg-unsplash-1024x683.jpg"},{"@type":"BreadcrumbList","@id":"https:\/\/ottawacornwall.ca\/fr\/comment-connaitre-jesus\/#breadcrumb","itemListElement":[{"@type":"ListItem","position":1,"name":"Home","item":"https:\/\/ottawacornwall.ca\/fr\/"},{"@type":"ListItem","position":2,"name":"Comment conna\u00eetre J\u00e9sus?"}]},{"@type":"WebSite","@id":"https:\/\/ottawacornwall.ca\/#website","url":"https:\/\/ottawacornwall.ca\/","name":"Archdiocese of Ottawa-Cornwall","description":"Welcome to the  Ottawa-Cornwall Archdiocese!","publisher":{"@id":"https:\/\/ottawacornwall.ca\/#organization"},"potentialAction":[{"@type":"SearchAction","target":{"@type":"EntryPoint","urlTemplate":"https:\/\/ottawacornwall.ca\/?s={search_term_string}"},"query-input":{"@type":"PropertyValueSpecification","valueRequired":true,"valueName":"search_term_string"}}],"inLanguage":"fr-FR"},{"@type":"Organization","@id":"https:\/\/ottawacornwall.ca\/#organization","name":"Archdiocese of Ottawa-Cornwall","url":"https:\/\/ottawacornwall.ca\/","logo":{"@type":"ImageObject","inLanguage":"fr-FR","@id":"https:\/\/ottawacornwall.ca\/#\/schema\/logo\/image\/","url":"https:\/\/ottawacornwall.ca\/wp-content\/uploads\/2022\/11\/Archdiocese-Logo-Horizontal-Reverse-1.svg","contentUrl":"https:\/\/ottawacornwall.ca\/wp-content\/uploads\/2022\/11\/Archdiocese-Logo-Horizontal-Reverse-1.svg","caption":"Archdiocese of Ottawa-Cornwall"},"image":{"@id":"https:\/\/ottawacornwall.ca\/#\/schema\/logo\/image\/"}}]}},"_links":{"self":[{"href":"https:\/\/ottawacornwall.ca\/fr\/wp-json\/wp\/v2\/pages\/6533","targetHints":{"allow":["GET"]}}],"collection":[{"href":"https:\/\/ottawacornwall.ca\/fr\/wp-json\/wp\/v2\/pages"}],"about":[{"href":"https:\/\/ottawacornwall.ca\/fr\/wp-json\/wp\/v2\/types\/page"}],"author":[{"embeddable":true,"href":"https:\/\/ottawacornwall.ca\/fr\/wp-json\/wp\/v2\/users\/6"}],"replies":[{"embeddable":true,"href":"https:\/\/ottawacornwall.ca\/fr\/wp-json\/wp\/v2\/comments?post=6533"}],"version-history":[{"count":36,"href":"https:\/\/ottawacornwall.ca\/fr\/wp-json\/wp\/v2\/pages\/6533\/revisions"}],"predecessor-version":[{"id":19442,"href":"https:\/\/ottawacornwall.ca\/fr\/wp-json\/wp\/v2\/pages\/6533\/revisions\/19442"}],"wp:attachment":[{"href":"https:\/\/ottawacornwall.ca\/fr\/wp-json\/wp\/v2\/media?parent=6533"}],"curies":[{"name":"wp","href":"https:\/\/api.w.org\/{rel}","templated":true}]}}