{"id":6560,"date":"2023-01-08T16:44:48","date_gmt":"2023-01-08T21:44:48","guid":{"rendered":"https:\/\/wp268132.wpdns.ca\/learning-about-my-gifts\/"},"modified":"2023-08-03T15:57:19","modified_gmt":"2023-08-03T20:57:19","slug":"apprendre-a-connaitre-mes-dons","status":"publish","type":"page","link":"https:\/\/ottawacornwall.ca\/fr\/apprendre-a-connaitre-mes-dons\/","title":{"rendered":"Apprendre \u00e0 conna\u00eetre mes dons"},"content":{"rendered":"\t\t<div data-elementor-type=\"wp-page\" data-elementor-id=\"6560\" class=\"elementor elementor-6560\" data-elementor-post-type=\"page\">\n\t\t\t\t\t\t<section class=\"elementor-section elementor-top-section elementor-element elementor-element-75ba3668 pt-240 pb-120 inner-banner elementor-section-boxed elementor-section-height-default elementor-section-height-default\" data-id=\"75ba3668\" data-element_type=\"section\" data-settings=\"{&quot;background_background&quot;:&quot;classic&quot;}\">\n\t\t\t\t\t\t\t<div class=\"elementor-background-overlay\"><\/div>\n\t\t\t\t\t\t\t<div class=\"elementor-container elementor-column-gap-default\">\n\t\t\t\t\t<div class=\"elementor-column elementor-col-100 elementor-top-column elementor-element elementor-element-226a9ab3\" data-id=\"226a9ab3\" data-element_type=\"column\">\n\t\t\t<div class=\"elementor-widget-wrap elementor-element-populated\">\n\t\t\t\t\t\t<div class=\"elementor-element elementor-element-3533fb1d elementor-widget elementor-widget-heading\" data-id=\"3533fb1d\" data-element_type=\"widget\" data-widget_type=\"heading.default\">\n\t\t\t\t<div class=\"elementor-widget-container\">\n\t\t\t\t\t<h1 class=\"elementor-heading-title elementor-size-default\">Apprendre \u00e0 conna\u00eetre mes dons \n<\/h1>\t\t\t\t<\/div>\n\t\t\t\t<\/div>\n\t\t\t\t\t<\/div>\n\t\t<\/div>\n\t\t\t\t\t<\/div>\n\t\t<\/section>\n\t\t\t\t<section class=\"elementor-section elementor-top-section elementor-element elementor-element-d983ff5 pt-50 pb-50 custom-right-babal-sec p-lr elementor-section-boxed elementor-section-height-default elementor-section-height-default\" data-id=\"d983ff5\" data-element_type=\"section\">\n\t\t\t\t\t\t<div class=\"elementor-container elementor-column-gap-default\">\n\t\t\t\t\t<div class=\"elementor-column elementor-col-50 elementor-top-column elementor-element elementor-element-cc0e01b pr-30\" data-id=\"cc0e01b\" data-element_type=\"column\">\n\t\t\t<div class=\"elementor-widget-wrap elementor-element-populated\">\n\t\t\t\t\t\t<div class=\"elementor-element elementor-element-a78b6b6 mb-0 elementor-widget elementor-widget-heading\" data-id=\"a78b6b6\" data-element_type=\"widget\" data-widget_type=\"heading.default\">\n\t\t\t\t<div class=\"elementor-widget-container\">\n\t\t\t\t\t<h2 class=\"elementor-heading-title elementor-size-default\">Saviez-vous que vous avez des <span>dons spirituels?<\/span> <\/h2>\t\t\t\t<\/div>\n\t\t\t\t<\/div>\n\t\t\t\t<div class=\"elementor-element elementor-element-7460743 pt-50 elementor-widget elementor-widget-text-editor\" data-id=\"7460743\" data-element_type=\"widget\" data-widget_type=\"text-editor.default\">\n\t\t\t\t<div class=\"elementor-widget-container\">\n\t\t\t\t\t\t\t\t\t<p>Dieu a donn\u00e9 \u00e0 chaque chr\u00e9tien baptis\u00e9 deux types de dons spirituels: les dons du Saint-Esprit et les charismes.<\/p><p><strong>Les dons du Saint-Esprit<\/strong> <br \/>Les dons du Saint-Esprit sont la sagesse, l&rsquo;intelligence, le conseil, la force morale, la connaissance, la pi\u00e9t\u00e9 et la crainte du Seigneur. Ce sont des dons surnaturels qui nous sont donn\u00e9s au bapt\u00eame et qui sont scell\u00e9s dans le sacrement de la confirmation. Ils sont destin\u00e9s \u00e0 \u00eatre conserv\u00e9s. Ils nous aident \u00e0 grandir en saintet\u00e9, dans notre voyage vers le ciel. La lutte contre le p\u00e9ch\u00e9 et la tentation est difficile, et nous pouvons demander \u00e0 l&rsquo;Esprit-Saint de susciter ces dons en nous pour nous aider.<\/p>\t\t\t\t\t\t\t\t<\/div>\n\t\t\t\t<\/div>\n\t\t\t\t\t<\/div>\n\t\t<\/div>\n\t\t\t\t<div class=\"elementor-column elementor-col-50 elementor-top-column elementor-element elementor-element-3351dfe\" data-id=\"3351dfe\" data-element_type=\"column\">\n\t\t\t<div class=\"elementor-widget-wrap elementor-element-populated\">\n\t\t\t\t\t\t<div class=\"elementor-element elementor-element-4bf55fe elementor-widget elementor-widget-image\" data-id=\"4bf55fe\" data-element_type=\"widget\" data-widget_type=\"image.default\">\n\t\t\t\t<div class=\"elementor-widget-container\">\n\t\t\t\t\t\t\t\t\t\t\t\t\t\t\t<img fetchpriority=\"high\" decoding=\"async\" width=\"800\" height=\"534\" src=\"https:\/\/ottawacornwall.ca\/wp-content\/uploads\/2023\/02\/CR2023__59.jpg\" class=\"attachment-large size-large wp-image-7307\" alt=\"\" srcset=\"https:\/\/ottawacornwall.ca\/wp-content\/uploads\/2023\/02\/CR2023__59.jpg 800w, https:\/\/ottawacornwall.ca\/wp-content\/uploads\/2023\/02\/CR2023__59-300x200.jpg 300w, https:\/\/ottawacornwall.ca\/wp-content\/uploads\/2023\/02\/CR2023__59-768x513.jpg 768w\" sizes=\"(max-width: 800px) 100vw, 800px\" \/>\t\t\t\t\t\t\t\t\t\t\t\t\t\t\t<\/div>\n\t\t\t\t<\/div>\n\t\t\t\t\t<\/div>\n\t\t<\/div>\n\t\t\t\t\t<\/div>\n\t\t<\/section>\n\t\t<div class=\"elementor-element elementor-element-7497f6b e-flex e-con-boxed e-con e-parent\" data-id=\"7497f6b\" data-element_type=\"container\">\n\t\t\t\t\t<div class=\"e-con-inner\">\n\t\t\t\t<div class=\"elementor-element elementor-element-8f4b824 elementor-widget elementor-widget-text-editor\" data-id=\"8f4b824\" data-element_type=\"widget\" data-widget_type=\"text-editor.default\">\n\t\t\t\t<div class=\"elementor-widget-container\">\n\t\t\t\t\t\t\t\t\t<p><strong>Les charismes<\/strong><br \/>Le terme \u00ab charisme \u00bb vient d&rsquo;un mot grec qui signifie \u00ab faveur \u00bb ou \u00ab don gratuit \u00bb. Les charismes sont des dons uniques que Dieu nous a donn\u00e9s pour servir les autres et \u00e9difier l&rsquo;\u00c9glise. Donn\u00e9s surnaturellement par l\u2019Esprit-Saint, les charismes diff\u00e8rent des talents naturels et ne peuvent pas \u00eatre utilis\u00e9s pour le mal. Chaque chr\u00e9tien baptis\u00e9 poss\u00e8de au moins un charisme.<\/p><p>\u00ab Dans la communion de l\u2019\u00c9glise, l\u2019Esprit-Saint distribue aussi parmi les fid\u00e8les de tous ordres (&#8230;) les gr\u00e2ces sp\u00e9ciales pour l\u2019\u00e9dification de l\u2019\u00c9glise. Or, \u00e0 chacun la manifestation de l\u2019Esprit est donn\u00e9e en vue du bien commun \u00bb (Cat\u00e9chisme de l\u2019\u00c9glise catholique, 951).<\/p><p>L&rsquo;Institut Catherine de Sienne (<em>Catherine of Siena Institute<\/em>) propose le programme <em>Called &amp; Gifted<\/em> pour vous aider \u00e0 discerner vos charismes. C&rsquo;est une merveilleuse fa\u00e7on d&rsquo;en apprendre davantage sur les dons sp\u00e9cifiques que Dieu vous a donn\u00e9s et sur la fa\u00e7on dont vous pouvez mieux les utiliser. Visitez leur site Web pour plus d&rsquo;informations.<\/p>\t\t\t\t\t\t\t\t<\/div>\n\t\t\t\t<\/div>\n\t\t\t\t\t<\/div>\n\t\t\t\t<\/div>\n\t\t\t\t<section class=\"elementor-section elementor-top-section elementor-element elementor-element-5f2b9475 pt-50 pb-50 custom-right-babal-sec p-lr elementor-section-boxed elementor-section-height-default elementor-section-height-default\" data-id=\"5f2b9475\" data-element_type=\"section\">\n\t\t\t\t\t\t<div class=\"elementor-container elementor-column-gap-default\">\n\t\t\t\t\t<div class=\"elementor-column elementor-col-100 elementor-top-column elementor-element elementor-element-330f33cf pl-30 fancy-cercle-main\" data-id=\"330f33cf\" data-element_type=\"column\">\n\t\t\t<div class=\"elementor-widget-wrap elementor-element-populated\">\n\t\t\t\t\t\t<div class=\"elementor-element elementor-element-3755a522 inwertaed-comma elementor-widget elementor-widget-heading\" data-id=\"3755a522\" data-element_type=\"widget\" data-widget_type=\"heading.default\">\n\t\t\t\t<div class=\"elementor-widget-container\">\n\t\t\t\t\t<h3 class=\"elementor-heading-title elementor-size-default\">\u201c<\/h3>\t\t\t\t<\/div>\n\t\t\t\t<\/div>\n\t\t\t\t<div class=\"elementor-element elementor-element-76683921 elementor-widget elementor-widget-heading\" data-id=\"76683921\" data-element_type=\"widget\" data-widget_type=\"heading.default\">\n\t\t\t\t<div class=\"elementor-widget-container\">\n\t\t\t\t\t<h2 class=\"elementor-heading-title elementor-size-default\">Il y a, certes, diversit\u00e9 de dons spirituels, mais c\u2019est le m\u00eame Esprit; diversit\u00e9 de minist\u00e8res, mais c\u2019est le m\u00eame Seigneur; diversit\u00e9 d\u2019op\u00e9rations, mais c'est le m\u00eame Dieu qui op\u00e8re tout en tous.\u202f<\/h2>\t\t\t\t<\/div>\n\t\t\t\t<\/div>\n\t\t\t\t<div class=\"elementor-element elementor-element-1479a92c elementor-widget elementor-widget-heading\" data-id=\"1479a92c\" data-element_type=\"widget\" data-widget_type=\"heading.default\">\n\t\t\t\t<div class=\"elementor-widget-container\">\n\t\t\t\t\t<p class=\"elementor-heading-title elementor-size-default\">Corinthiens 12, 4-6<\/p>\t\t\t\t<\/div>\n\t\t\t\t<\/div>\n\t\t\t\t\t<\/div>\n\t\t<\/div>\n\t\t\t\t\t<\/div>\n\t\t<\/section>\n\t\t\t\t<\/div>\n\t\t","protected":false},"excerpt":{"rendered":"<p>Apprendre \u00e0 conna\u00eetre mes dons Saviez-vous que vous avez des dons spirituels? Dieu a donn\u00e9 \u00e0 chaque chr\u00e9tien baptis\u00e9 deux types de dons spirituels: les dons du Saint-Esprit et les charismes. Les dons du Saint-Esprit Les dons du Saint-Esprit sont la sagesse, l&rsquo;intelligence, le conseil, la force morale, la connaissance, la pi\u00e9t\u00e9 et la crainte [&hellip;]<\/p>\n","protected":false},"author":6,"featured_media":0,"parent":0,"menu_order":0,"comment_status":"closed","ping_status":"closed","template":"","meta":{"_acf_changed":false,"footnotes":""},"class_list":["post-6560","page","type-page","status-publish","hentry"],"acf":[],"yoast_head":"<!-- This site is optimized with the Yoast SEO plugin v27.4 - https:\/\/yoast.com\/product\/yoast-seo-wordpress\/ -->\n<title>Apprendre \u00e0 conna\u00eetre mes dons - Archdiocese of Ottawa-Cornwall<\/title>\n<meta name=\"robots\" content=\"index, follow, max-snippet:-1, max-image-preview:large, max-video-preview:-1\" \/>\n<link rel=\"canonical\" href=\"https:\/\/ottawacornwall.ca\/fr\/apprendre-a-connaitre-mes-dons\/\" \/>\n<meta property=\"og:locale\" content=\"fr_FR\" \/>\n<meta property=\"og:type\" content=\"article\" \/>\n<meta property=\"og:title\" content=\"Apprendre \u00e0 conna\u00eetre mes dons - Archdiocese of Ottawa-Cornwall\" \/>\n<meta property=\"og:description\" content=\"Apprendre \u00e0 conna\u00eetre mes dons Saviez-vous que vous avez des dons spirituels? Dieu a donn\u00e9 \u00e0 chaque chr\u00e9tien baptis\u00e9 deux types de dons spirituels: les dons du Saint-Esprit et les charismes. Les dons du Saint-Esprit Les dons du Saint-Esprit sont la sagesse, l&rsquo;intelligence, le conseil, la force morale, la connaissance, la pi\u00e9t\u00e9 et la crainte [&hellip;]\" \/>\n<meta property=\"og:url\" content=\"https:\/\/ottawacornwall.ca\/fr\/apprendre-a-connaitre-mes-dons\/\" \/>\n<meta property=\"og:site_name\" content=\"Archdiocese of Ottawa-Cornwall\" \/>\n<meta property=\"article:modified_time\" content=\"2023-08-03T20:57:19+00:00\" \/>\n<meta property=\"og:image\" content=\"http:\/\/ottawacornwall.ca\/wp-content\/uploads\/2023\/02\/CR2023__59.jpg\" \/>\n<meta name=\"twitter:card\" content=\"summary_large_image\" \/>\n<meta name=\"twitter:label1\" content=\"Dur\u00e9e de lecture estim\u00e9e\" \/>\n\t<meta name=\"twitter:data1\" content=\"2 minutes\" \/>\n<script type=\"application\/ld+json\" class=\"yoast-schema-graph\">{\"@context\":\"https:\\\/\\\/schema.org\",\"@graph\":[{\"@type\":\"WebPage\",\"@id\":\"https:\\\/\\\/ottawacornwall.ca\\\/fr\\\/apprendre-a-connaitre-mes-dons\\\/\",\"url\":\"https:\\\/\\\/ottawacornwall.ca\\\/fr\\\/apprendre-a-connaitre-mes-dons\\\/\",\"name\":\"Apprendre \u00e0 conna\u00eetre mes dons - Archdiocese of Ottawa-Cornwall\",\"isPartOf\":{\"@id\":\"https:\\\/\\\/ottawacornwall.ca\\\/#website\"},\"primaryImageOfPage\":{\"@id\":\"https:\\\/\\\/ottawacornwall.ca\\\/fr\\\/apprendre-a-connaitre-mes-dons\\\/#primaryimage\"},\"image\":{\"@id\":\"https:\\\/\\\/ottawacornwall.ca\\\/fr\\\/apprendre-a-connaitre-mes-dons\\\/#primaryimage\"},\"thumbnailUrl\":\"http:\\\/\\\/ottawacornwall.ca\\\/wp-content\\\/uploads\\\/2023\\\/02\\\/CR2023__59.jpg\",\"datePublished\":\"2023-01-08T21:44:48+00:00\",\"dateModified\":\"2023-08-03T20:57:19+00:00\",\"breadcrumb\":{\"@id\":\"https:\\\/\\\/ottawacornwall.ca\\\/fr\\\/apprendre-a-connaitre-mes-dons\\\/#breadcrumb\"},\"inLanguage\":\"fr-FR\",\"potentialAction\":[{\"@type\":\"ReadAction\",\"target\":[\"https:\\\/\\\/ottawacornwall.ca\\\/fr\\\/apprendre-a-connaitre-mes-dons\\\/\"]}]},{\"@type\":\"ImageObject\",\"inLanguage\":\"fr-FR\",\"@id\":\"https:\\\/\\\/ottawacornwall.ca\\\/fr\\\/apprendre-a-connaitre-mes-dons\\\/#primaryimage\",\"url\":\"http:\\\/\\\/ottawacornwall.ca\\\/wp-content\\\/uploads\\\/2023\\\/02\\\/CR2023__59.jpg\",\"contentUrl\":\"http:\\\/\\\/ottawacornwall.ca\\\/wp-content\\\/uploads\\\/2023\\\/02\\\/CR2023__59.jpg\"},{\"@type\":\"BreadcrumbList\",\"@id\":\"https:\\\/\\\/ottawacornwall.ca\\\/fr\\\/apprendre-a-connaitre-mes-dons\\\/#breadcrumb\",\"itemListElement\":[{\"@type\":\"ListItem\",\"position\":1,\"name\":\"Home\",\"item\":\"https:\\\/\\\/ottawacornwall.ca\\\/fr\\\/\"},{\"@type\":\"ListItem\",\"position\":2,\"name\":\"Apprendre \u00e0 conna\u00eetre mes dons\"}]},{\"@type\":\"WebSite\",\"@id\":\"https:\\\/\\\/ottawacornwall.ca\\\/#website\",\"url\":\"https:\\\/\\\/ottawacornwall.ca\\\/\",\"name\":\"Archdiocese of Ottawa-Cornwall\",\"description\":\"Welcome to the  Ottawa-Cornwall Archdiocese!\",\"publisher\":{\"@id\":\"https:\\\/\\\/ottawacornwall.ca\\\/#organization\"},\"potentialAction\":[{\"@type\":\"SearchAction\",\"target\":{\"@type\":\"EntryPoint\",\"urlTemplate\":\"https:\\\/\\\/ottawacornwall.ca\\\/?s={search_term_string}\"},\"query-input\":{\"@type\":\"PropertyValueSpecification\",\"valueRequired\":true,\"valueName\":\"search_term_string\"}}],\"inLanguage\":\"fr-FR\"},{\"@type\":\"Organization\",\"@id\":\"https:\\\/\\\/ottawacornwall.ca\\\/#organization\",\"name\":\"Archdiocese of Ottawa-Cornwall\",\"url\":\"https:\\\/\\\/ottawacornwall.ca\\\/\",\"logo\":{\"@type\":\"ImageObject\",\"inLanguage\":\"fr-FR\",\"@id\":\"https:\\\/\\\/ottawacornwall.ca\\\/#\\\/schema\\\/logo\\\/image\\\/\",\"url\":\"https:\\\/\\\/ottawacornwall.ca\\\/wp-content\\\/uploads\\\/2022\\\/11\\\/Archdiocese-Logo-Horizontal-Reverse-1.svg\",\"contentUrl\":\"https:\\\/\\\/ottawacornwall.ca\\\/wp-content\\\/uploads\\\/2022\\\/11\\\/Archdiocese-Logo-Horizontal-Reverse-1.svg\",\"caption\":\"Archdiocese of Ottawa-Cornwall\"},\"image\":{\"@id\":\"https:\\\/\\\/ottawacornwall.ca\\\/#\\\/schema\\\/logo\\\/image\\\/\"}}]}<\/script>\n<!-- \/ Yoast SEO plugin. -->","yoast_head_json":{"title":"Apprendre \u00e0 conna\u00eetre mes dons - Archdiocese of Ottawa-Cornwall","robots":{"index":"index","follow":"follow","max-snippet":"max-snippet:-1","max-image-preview":"max-image-preview:large","max-video-preview":"max-video-preview:-1"},"canonical":"https:\/\/ottawacornwall.ca\/fr\/apprendre-a-connaitre-mes-dons\/","og_locale":"fr_FR","og_type":"article","og_title":"Apprendre \u00e0 conna\u00eetre mes dons - Archdiocese of Ottawa-Cornwall","og_description":"Apprendre \u00e0 conna\u00eetre mes dons Saviez-vous que vous avez des dons spirituels? Dieu a donn\u00e9 \u00e0 chaque chr\u00e9tien baptis\u00e9 deux types de dons spirituels: les dons du Saint-Esprit et les charismes. Les dons du Saint-Esprit Les dons du Saint-Esprit sont la sagesse, l&rsquo;intelligence, le conseil, la force morale, la connaissance, la pi\u00e9t\u00e9 et la crainte [&hellip;]","og_url":"https:\/\/ottawacornwall.ca\/fr\/apprendre-a-connaitre-mes-dons\/","og_site_name":"Archdiocese of Ottawa-Cornwall","article_modified_time":"2023-08-03T20:57:19+00:00","og_image":[{"url":"http:\/\/ottawacornwall.ca\/wp-content\/uploads\/2023\/02\/CR2023__59.jpg","type":"","width":"","height":""}],"twitter_card":"summary_large_image","twitter_misc":{"Dur\u00e9e de lecture estim\u00e9e":"2 minutes"},"schema":{"@context":"https:\/\/schema.org","@graph":[{"@type":"WebPage","@id":"https:\/\/ottawacornwall.ca\/fr\/apprendre-a-connaitre-mes-dons\/","url":"https:\/\/ottawacornwall.ca\/fr\/apprendre-a-connaitre-mes-dons\/","name":"Apprendre \u00e0 conna\u00eetre mes dons - Archdiocese of Ottawa-Cornwall","isPartOf":{"@id":"https:\/\/ottawacornwall.ca\/#website"},"primaryImageOfPage":{"@id":"https:\/\/ottawacornwall.ca\/fr\/apprendre-a-connaitre-mes-dons\/#primaryimage"},"image":{"@id":"https:\/\/ottawacornwall.ca\/fr\/apprendre-a-connaitre-mes-dons\/#primaryimage"},"thumbnailUrl":"http:\/\/ottawacornwall.ca\/wp-content\/uploads\/2023\/02\/CR2023__59.jpg","datePublished":"2023-01-08T21:44:48+00:00","dateModified":"2023-08-03T20:57:19+00:00","breadcrumb":{"@id":"https:\/\/ottawacornwall.ca\/fr\/apprendre-a-connaitre-mes-dons\/#breadcrumb"},"inLanguage":"fr-FR","potentialAction":[{"@type":"ReadAction","target":["https:\/\/ottawacornwall.ca\/fr\/apprendre-a-connaitre-mes-dons\/"]}]},{"@type":"ImageObject","inLanguage":"fr-FR","@id":"https:\/\/ottawacornwall.ca\/fr\/apprendre-a-connaitre-mes-dons\/#primaryimage","url":"http:\/\/ottawacornwall.ca\/wp-content\/uploads\/2023\/02\/CR2023__59.jpg","contentUrl":"http:\/\/ottawacornwall.ca\/wp-content\/uploads\/2023\/02\/CR2023__59.jpg"},{"@type":"BreadcrumbList","@id":"https:\/\/ottawacornwall.ca\/fr\/apprendre-a-connaitre-mes-dons\/#breadcrumb","itemListElement":[{"@type":"ListItem","position":1,"name":"Home","item":"https:\/\/ottawacornwall.ca\/fr\/"},{"@type":"ListItem","position":2,"name":"Apprendre \u00e0 conna\u00eetre mes dons"}]},{"@type":"WebSite","@id":"https:\/\/ottawacornwall.ca\/#website","url":"https:\/\/ottawacornwall.ca\/","name":"Archdiocese of Ottawa-Cornwall","description":"Welcome to the  Ottawa-Cornwall Archdiocese!","publisher":{"@id":"https:\/\/ottawacornwall.ca\/#organization"},"potentialAction":[{"@type":"SearchAction","target":{"@type":"EntryPoint","urlTemplate":"https:\/\/ottawacornwall.ca\/?s={search_term_string}"},"query-input":{"@type":"PropertyValueSpecification","valueRequired":true,"valueName":"search_term_string"}}],"inLanguage":"fr-FR"},{"@type":"Organization","@id":"https:\/\/ottawacornwall.ca\/#organization","name":"Archdiocese of Ottawa-Cornwall","url":"https:\/\/ottawacornwall.ca\/","logo":{"@type":"ImageObject","inLanguage":"fr-FR","@id":"https:\/\/ottawacornwall.ca\/#\/schema\/logo\/image\/","url":"https:\/\/ottawacornwall.ca\/wp-content\/uploads\/2022\/11\/Archdiocese-Logo-Horizontal-Reverse-1.svg","contentUrl":"https:\/\/ottawacornwall.ca\/wp-content\/uploads\/2022\/11\/Archdiocese-Logo-Horizontal-Reverse-1.svg","caption":"Archdiocese of Ottawa-Cornwall"},"image":{"@id":"https:\/\/ottawacornwall.ca\/#\/schema\/logo\/image\/"}}]}},"_links":{"self":[{"href":"https:\/\/ottawacornwall.ca\/fr\/wp-json\/wp\/v2\/pages\/6560","targetHints":{"allow":["GET"]}}],"collection":[{"href":"https:\/\/ottawacornwall.ca\/fr\/wp-json\/wp\/v2\/pages"}],"about":[{"href":"https:\/\/ottawacornwall.ca\/fr\/wp-json\/wp\/v2\/types\/page"}],"author":[{"embeddable":true,"href":"https:\/\/ottawacornwall.ca\/fr\/wp-json\/wp\/v2\/users\/6"}],"replies":[{"embeddable":true,"href":"https:\/\/ottawacornwall.ca\/fr\/wp-json\/wp\/v2\/comments?post=6560"}],"version-history":[{"count":32,"href":"https:\/\/ottawacornwall.ca\/fr\/wp-json\/wp\/v2\/pages\/6560\/revisions"}],"predecessor-version":[{"id":11620,"href":"https:\/\/ottawacornwall.ca\/fr\/wp-json\/wp\/v2\/pages\/6560\/revisions\/11620"}],"wp:attachment":[{"href":"https:\/\/ottawacornwall.ca\/fr\/wp-json\/wp\/v2\/media?parent=6560"}],"curies":[{"name":"wp","href":"https:\/\/api.w.org\/{rel}","templated":true}]}}