{"id":7082,"date":"2023-02-28T07:47:26","date_gmt":"2023-02-28T12:47:26","guid":{"rendered":"https:\/\/wp268132.wpdns.ca\/personnes-et-culture\/"},"modified":"2023-08-06T07:25:07","modified_gmt":"2023-08-06T12:25:07","slug":"personnes-et-culture","status":"publish","type":"page","link":"https:\/\/ottawacornwall.ca\/fr\/personnes-et-culture\/","title":{"rendered":"Personnes et Culture"},"content":{"rendered":"\t\t<div data-elementor-type=\"wp-page\" data-elementor-id=\"7082\" class=\"elementor elementor-7082 elementor-7056\" data-elementor-post-type=\"page\">\n\t\t\t\t\t\t<section class=\"elementor-section elementor-top-section elementor-element elementor-element-30fa0c48 pt-240 pb-120 inner-banner elementor-section-boxed elementor-section-height-default elementor-section-height-default\" data-id=\"30fa0c48\" data-element_type=\"section\" data-settings=\"{&quot;background_background&quot;:&quot;classic&quot;}\">\n\t\t\t\t\t\t\t<div class=\"elementor-background-overlay\"><\/div>\n\t\t\t\t\t\t\t<div class=\"elementor-container elementor-column-gap-default\">\n\t\t\t\t\t<div class=\"elementor-column elementor-col-100 elementor-top-column elementor-element elementor-element-56f7929e\" data-id=\"56f7929e\" data-element_type=\"column\">\n\t\t\t<div class=\"elementor-widget-wrap elementor-element-populated\">\n\t\t\t\t\t\t<div class=\"elementor-element elementor-element-73a3b146 elementor-widget elementor-widget-heading\" data-id=\"73a3b146\" data-element_type=\"widget\" data-widget_type=\"heading.default\">\n\t\t\t\t<div class=\"elementor-widget-container\">\n\t\t\t\t\t<h1 class=\"elementor-heading-title elementor-size-default\">Personnes et culture<\/h1>\t\t\t\t<\/div>\n\t\t\t\t<\/div>\n\t\t\t\t\t<\/div>\n\t\t<\/div>\n\t\t\t\t\t<\/div>\n\t\t<\/section>\n\t\t\t\t<section class=\"elementor-section elementor-top-section elementor-element elementor-element-41acf310 p-lr content-intro pt-120 pb-150 right-img elementor-section-boxed elementor-section-height-default elementor-section-height-default\" data-id=\"41acf310\" data-element_type=\"section\">\n\t\t\t\t\t\t<div class=\"elementor-container elementor-column-gap-default\">\n\t\t\t\t\t<div class=\"elementor-column elementor-col-50 elementor-top-column elementor-element elementor-element-f612d9c\" data-id=\"f612d9c\" data-element_type=\"column\">\n\t\t\t<div class=\"elementor-widget-wrap elementor-element-populated\">\n\t\t\t\t\t\t<div class=\"elementor-element elementor-element-5e52a0a0 mb-0 pb-30 elementor-widget elementor-widget-heading\" data-id=\"5e52a0a0\" data-element_type=\"widget\" data-widget_type=\"heading.default\">\n\t\t\t\t<div class=\"elementor-widget-container\">\n\t\t\t\t\t<h2 class=\"elementor-heading-title elementor-size-default\">Personnes et culture<\/h2>\t\t\t\t<\/div>\n\t\t\t\t<\/div>\n\t\t\t\t<div class=\"elementor-element elementor-element-652b6e11 mb-0 pb-30 elementor-widget elementor-widget-text-editor\" data-id=\"652b6e11\" data-element_type=\"widget\" data-widget_type=\"text-editor.default\">\n\t\t\t\t<div class=\"elementor-widget-container\">\n\t\t\t\t\t\t\t\t\t<p>Le d\u00e9partement Personnes et culture de l&rsquo;archidioc\u00e8se d&rsquo;Ottawa-Cornwall aide les paroisses, les pr\u00eatres et le personnel la\u00efc en ce qui concerne les avantages sociaux, les r\u00e9gimes de pension, les questions d&rsquo;immigration, les services de soutien communautaire, les normes d&#8217;emploi, la sant\u00e9 et la s\u00e9curit\u00e9, ainsi que le programme d&rsquo;aide aux employ\u00e9s. Au niveau dioc\u00e9sain, il apporte \u00e9galement son aide aux questions relatives au personnel, au recrutement et au perfectionnement des employ\u00e9s, aux avantages sociaux et aux \u00e9valuations du rendement. Toute personne souhaitant se joindre \u00e0 l&rsquo;\u00e9quipe de l&rsquo;archidioc\u00e8se d&rsquo;Ottawa-Cornwall est invit\u00e9e \u00e0 consulter <a href=\"\/fr\/carrieres\/\">notre page Carri\u00e8res<\/a>.<\/p>\t\t\t\t\t\t\t\t<\/div>\n\t\t\t\t<\/div>\n\t\t\t\t\t<\/div>\n\t\t<\/div>\n\t\t\t\t<div class=\"elementor-column elementor-col-50 elementor-top-column elementor-element elementor-element-789bc5dc pl-30\" data-id=\"789bc5dc\" data-element_type=\"column\">\n\t\t\t<div class=\"elementor-widget-wrap elementor-element-populated\">\n\t\t\t\t\t\t<div class=\"elementor-element elementor-element-55903bda elementor-widget elementor-widget-image\" data-id=\"55903bda\" data-element_type=\"widget\" data-widget_type=\"image.default\">\n\t\t\t\t<div class=\"elementor-widget-container\">\n\t\t\t\t\t\t\t\t\t\t\t\t\t\t\t<img fetchpriority=\"high\" decoding=\"async\" width=\"800\" height=\"534\" src=\"https:\/\/ottawacornwall.ca\/wp-content\/uploads\/2023\/03\/shutterstock_2166951981.jpg\" class=\"attachment-full size-full wp-image-7834\" alt=\"\" srcset=\"https:\/\/ottawacornwall.ca\/wp-content\/uploads\/2023\/03\/shutterstock_2166951981.jpg 800w, https:\/\/ottawacornwall.ca\/wp-content\/uploads\/2023\/03\/shutterstock_2166951981-300x200.jpg 300w, https:\/\/ottawacornwall.ca\/wp-content\/uploads\/2023\/03\/shutterstock_2166951981-768x513.jpg 768w\" sizes=\"(max-width: 800px) 100vw, 800px\" \/>\t\t\t\t\t\t\t\t\t\t\t\t\t\t\t<\/div>\n\t\t\t\t<\/div>\n\t\t\t\t\t<\/div>\n\t\t<\/div>\n\t\t\t\t\t<\/div>\n\t\t<\/section>\n\t\t\t\t<section class=\"elementor-section elementor-top-section elementor-element elementor-element-c465b26 p-lr contact-cta pt-200 pb-170 elementor-section-boxed elementor-section-height-default elementor-section-height-default\" data-id=\"c465b26\" data-element_type=\"section\" data-settings=\"{&quot;background_background&quot;:&quot;classic&quot;}\">\n\t\t\t\t\t\t<div class=\"elementor-container elementor-column-gap-default\">\n\t\t\t\t\t<div class=\"elementor-column elementor-col-100 elementor-top-column elementor-element elementor-element-fcfb17d\" data-id=\"fcfb17d\" data-element_type=\"column\">\n\t\t\t<div class=\"elementor-widget-wrap elementor-element-populated\">\n\t\t\t\t\t\t<div class=\"elementor-element elementor-element-fcae036 elementor-widget elementor-widget-heading\" data-id=\"fcae036\" data-element_type=\"widget\" data-widget_type=\"heading.default\">\n\t\t\t\t<div class=\"elementor-widget-container\">\n\t\t\t\t\t<h2 class=\"elementor-heading-title elementor-size-default\">Avez-vous des questions?<br>\n<strong>Communiquez avec nous aujourd'hui.\n<\/strong><\/h2>\t\t\t\t<\/div>\n\t\t\t\t<\/div>\n\t\t\t\t<div class=\"elementor-element elementor-element-0d2487a elementor-align-center elementor-widget elementor-widget-button\" data-id=\"0d2487a\" data-element_type=\"widget\" data-widget_type=\"button.default\">\n\t\t\t\t<div class=\"elementor-widget-container\">\n\t\t\t\t\t\t\t\t\t<div class=\"elementor-button-wrapper\">\n\t\t\t\t\t<a class=\"elementor-button elementor-button-link elementor-size-sm\" href=\"\/fr\/contactez-nous\/\">\n\t\t\t\t\t\t<span class=\"elementor-button-content-wrapper\">\n\t\t\t\t\t\t\t\t\t<span class=\"elementor-button-text\">Communiquez avec nous<\/span>\n\t\t\t\t\t<\/span>\n\t\t\t\t\t<\/a>\n\t\t\t\t<\/div>\n\t\t\t\t\t\t\t\t<\/div>\n\t\t\t\t<\/div>\n\t\t\t\t\t<\/div>\n\t\t<\/div>\n\t\t\t\t\t<\/div>\n\t\t<\/section>\n\t\t\t\t<\/div>\n\t\t","protected":false},"excerpt":{"rendered":"<p>Personnes et culture Personnes et culture Le d\u00e9partement Personnes et culture de l&rsquo;archidioc\u00e8se d&rsquo;Ottawa-Cornwall aide les paroisses, les pr\u00eatres et le personnel la\u00efc en ce qui concerne les avantages sociaux, les r\u00e9gimes de pension, les questions d&rsquo;immigration, les services de soutien communautaire, les normes d&#8217;emploi, la sant\u00e9 et la s\u00e9curit\u00e9, ainsi que le programme d&rsquo;aide [&hellip;]<\/p>\n","protected":false},"author":6,"featured_media":0,"parent":0,"menu_order":0,"comment_status":"closed","ping_status":"closed","template":"","meta":{"_acf_changed":false,"footnotes":""},"class_list":["post-7082","page","type-page","status-publish","hentry"],"acf":[],"yoast_head":"<!-- This site is optimized with the Yoast SEO plugin v27.3 - https:\/\/yoast.com\/product\/yoast-seo-wordpress\/ -->\n<title>Personnes et Culture - Archdiocese of Ottawa-Cornwall<\/title>\n<meta name=\"robots\" content=\"index, follow, max-snippet:-1, max-image-preview:large, max-video-preview:-1\" \/>\n<link rel=\"canonical\" href=\"https:\/\/ottawacornwall.ca\/fr\/personnes-et-culture\/\" \/>\n<meta property=\"og:locale\" content=\"fr_FR\" \/>\n<meta property=\"og:type\" content=\"article\" \/>\n<meta property=\"og:title\" content=\"Personnes et Culture - Archdiocese of Ottawa-Cornwall\" \/>\n<meta property=\"og:description\" content=\"Personnes et culture Personnes et culture Le d\u00e9partement Personnes et culture de l&rsquo;archidioc\u00e8se d&rsquo;Ottawa-Cornwall aide les paroisses, les pr\u00eatres et le personnel la\u00efc en ce qui concerne les avantages sociaux, les r\u00e9gimes de pension, les questions d&rsquo;immigration, les services de soutien communautaire, les normes d&#8217;emploi, la sant\u00e9 et la s\u00e9curit\u00e9, ainsi que le programme d&rsquo;aide [&hellip;]\" \/>\n<meta property=\"og:url\" content=\"https:\/\/ottawacornwall.ca\/fr\/personnes-et-culture\/\" \/>\n<meta property=\"og:site_name\" content=\"Archdiocese of Ottawa-Cornwall\" \/>\n<meta property=\"article:modified_time\" content=\"2023-08-06T12:25:07+00:00\" \/>\n<meta property=\"og:image\" content=\"http:\/\/ottawacornwall.ca\/wp-content\/uploads\/2023\/03\/shutterstock_2166951981.jpg\" \/>\n<meta name=\"twitter:card\" content=\"summary_large_image\" \/>\n<meta name=\"twitter:label1\" content=\"Dur\u00e9e de lecture estim\u00e9e\" \/>\n\t<meta name=\"twitter:data1\" content=\"1 minute\" \/>\n<script type=\"application\/ld+json\" class=\"yoast-schema-graph\">{\"@context\":\"https:\\\/\\\/schema.org\",\"@graph\":[{\"@type\":\"WebPage\",\"@id\":\"https:\\\/\\\/ottawacornwall.ca\\\/fr\\\/personnes-et-culture\\\/\",\"url\":\"https:\\\/\\\/ottawacornwall.ca\\\/fr\\\/personnes-et-culture\\\/\",\"name\":\"Personnes et Culture - Archdiocese of Ottawa-Cornwall\",\"isPartOf\":{\"@id\":\"https:\\\/\\\/ottawacornwall.ca\\\/#website\"},\"primaryImageOfPage\":{\"@id\":\"https:\\\/\\\/ottawacornwall.ca\\\/fr\\\/personnes-et-culture\\\/#primaryimage\"},\"image\":{\"@id\":\"https:\\\/\\\/ottawacornwall.ca\\\/fr\\\/personnes-et-culture\\\/#primaryimage\"},\"thumbnailUrl\":\"http:\\\/\\\/ottawacornwall.ca\\\/wp-content\\\/uploads\\\/2023\\\/03\\\/shutterstock_2166951981.jpg\",\"datePublished\":\"2023-02-28T12:47:26+00:00\",\"dateModified\":\"2023-08-06T12:25:07+00:00\",\"breadcrumb\":{\"@id\":\"https:\\\/\\\/ottawacornwall.ca\\\/fr\\\/personnes-et-culture\\\/#breadcrumb\"},\"inLanguage\":\"fr-FR\",\"potentialAction\":[{\"@type\":\"ReadAction\",\"target\":[\"https:\\\/\\\/ottawacornwall.ca\\\/fr\\\/personnes-et-culture\\\/\"]}]},{\"@type\":\"ImageObject\",\"inLanguage\":\"fr-FR\",\"@id\":\"https:\\\/\\\/ottawacornwall.ca\\\/fr\\\/personnes-et-culture\\\/#primaryimage\",\"url\":\"http:\\\/\\\/ottawacornwall.ca\\\/wp-content\\\/uploads\\\/2023\\\/03\\\/shutterstock_2166951981.jpg\",\"contentUrl\":\"http:\\\/\\\/ottawacornwall.ca\\\/wp-content\\\/uploads\\\/2023\\\/03\\\/shutterstock_2166951981.jpg\"},{\"@type\":\"BreadcrumbList\",\"@id\":\"https:\\\/\\\/ottawacornwall.ca\\\/fr\\\/personnes-et-culture\\\/#breadcrumb\",\"itemListElement\":[{\"@type\":\"ListItem\",\"position\":1,\"name\":\"Home\",\"item\":\"https:\\\/\\\/ottawacornwall.ca\\\/fr\\\/\"},{\"@type\":\"ListItem\",\"position\":2,\"name\":\"Personnes et Culture\"}]},{\"@type\":\"WebSite\",\"@id\":\"https:\\\/\\\/ottawacornwall.ca\\\/#website\",\"url\":\"https:\\\/\\\/ottawacornwall.ca\\\/\",\"name\":\"Archdiocese of Ottawa-Cornwall\",\"description\":\"Welcome to the  Ottawa-Cornwall Archdiocese!\",\"publisher\":{\"@id\":\"https:\\\/\\\/ottawacornwall.ca\\\/#organization\"},\"potentialAction\":[{\"@type\":\"SearchAction\",\"target\":{\"@type\":\"EntryPoint\",\"urlTemplate\":\"https:\\\/\\\/ottawacornwall.ca\\\/?s={search_term_string}\"},\"query-input\":{\"@type\":\"PropertyValueSpecification\",\"valueRequired\":true,\"valueName\":\"search_term_string\"}}],\"inLanguage\":\"fr-FR\"},{\"@type\":\"Organization\",\"@id\":\"https:\\\/\\\/ottawacornwall.ca\\\/#organization\",\"name\":\"Archdiocese of Ottawa-Cornwall\",\"url\":\"https:\\\/\\\/ottawacornwall.ca\\\/\",\"logo\":{\"@type\":\"ImageObject\",\"inLanguage\":\"fr-FR\",\"@id\":\"https:\\\/\\\/ottawacornwall.ca\\\/#\\\/schema\\\/logo\\\/image\\\/\",\"url\":\"https:\\\/\\\/ottawacornwall.ca\\\/wp-content\\\/uploads\\\/2022\\\/11\\\/Archdiocese-Logo-Horizontal-Reverse-1.svg\",\"contentUrl\":\"https:\\\/\\\/ottawacornwall.ca\\\/wp-content\\\/uploads\\\/2022\\\/11\\\/Archdiocese-Logo-Horizontal-Reverse-1.svg\",\"caption\":\"Archdiocese of Ottawa-Cornwall\"},\"image\":{\"@id\":\"https:\\\/\\\/ottawacornwall.ca\\\/#\\\/schema\\\/logo\\\/image\\\/\"}}]}<\/script>\n<!-- \/ Yoast SEO plugin. -->","yoast_head_json":{"title":"Personnes et Culture - Archdiocese of Ottawa-Cornwall","robots":{"index":"index","follow":"follow","max-snippet":"max-snippet:-1","max-image-preview":"max-image-preview:large","max-video-preview":"max-video-preview:-1"},"canonical":"https:\/\/ottawacornwall.ca\/fr\/personnes-et-culture\/","og_locale":"fr_FR","og_type":"article","og_title":"Personnes et Culture - Archdiocese of Ottawa-Cornwall","og_description":"Personnes et culture Personnes et culture Le d\u00e9partement Personnes et culture de l&rsquo;archidioc\u00e8se d&rsquo;Ottawa-Cornwall aide les paroisses, les pr\u00eatres et le personnel la\u00efc en ce qui concerne les avantages sociaux, les r\u00e9gimes de pension, les questions d&rsquo;immigration, les services de soutien communautaire, les normes d&#8217;emploi, la sant\u00e9 et la s\u00e9curit\u00e9, ainsi que le programme d&rsquo;aide [&hellip;]","og_url":"https:\/\/ottawacornwall.ca\/fr\/personnes-et-culture\/","og_site_name":"Archdiocese of Ottawa-Cornwall","article_modified_time":"2023-08-06T12:25:07+00:00","og_image":[{"url":"http:\/\/ottawacornwall.ca\/wp-content\/uploads\/2023\/03\/shutterstock_2166951981.jpg","type":"","width":"","height":""}],"twitter_card":"summary_large_image","twitter_misc":{"Dur\u00e9e de lecture estim\u00e9e":"1 minute"},"schema":{"@context":"https:\/\/schema.org","@graph":[{"@type":"WebPage","@id":"https:\/\/ottawacornwall.ca\/fr\/personnes-et-culture\/","url":"https:\/\/ottawacornwall.ca\/fr\/personnes-et-culture\/","name":"Personnes et Culture - Archdiocese of Ottawa-Cornwall","isPartOf":{"@id":"https:\/\/ottawacornwall.ca\/#website"},"primaryImageOfPage":{"@id":"https:\/\/ottawacornwall.ca\/fr\/personnes-et-culture\/#primaryimage"},"image":{"@id":"https:\/\/ottawacornwall.ca\/fr\/personnes-et-culture\/#primaryimage"},"thumbnailUrl":"http:\/\/ottawacornwall.ca\/wp-content\/uploads\/2023\/03\/shutterstock_2166951981.jpg","datePublished":"2023-02-28T12:47:26+00:00","dateModified":"2023-08-06T12:25:07+00:00","breadcrumb":{"@id":"https:\/\/ottawacornwall.ca\/fr\/personnes-et-culture\/#breadcrumb"},"inLanguage":"fr-FR","potentialAction":[{"@type":"ReadAction","target":["https:\/\/ottawacornwall.ca\/fr\/personnes-et-culture\/"]}]},{"@type":"ImageObject","inLanguage":"fr-FR","@id":"https:\/\/ottawacornwall.ca\/fr\/personnes-et-culture\/#primaryimage","url":"http:\/\/ottawacornwall.ca\/wp-content\/uploads\/2023\/03\/shutterstock_2166951981.jpg","contentUrl":"http:\/\/ottawacornwall.ca\/wp-content\/uploads\/2023\/03\/shutterstock_2166951981.jpg"},{"@type":"BreadcrumbList","@id":"https:\/\/ottawacornwall.ca\/fr\/personnes-et-culture\/#breadcrumb","itemListElement":[{"@type":"ListItem","position":1,"name":"Home","item":"https:\/\/ottawacornwall.ca\/fr\/"},{"@type":"ListItem","position":2,"name":"Personnes et Culture"}]},{"@type":"WebSite","@id":"https:\/\/ottawacornwall.ca\/#website","url":"https:\/\/ottawacornwall.ca\/","name":"Archdiocese of Ottawa-Cornwall","description":"Welcome to the  Ottawa-Cornwall Archdiocese!","publisher":{"@id":"https:\/\/ottawacornwall.ca\/#organization"},"potentialAction":[{"@type":"SearchAction","target":{"@type":"EntryPoint","urlTemplate":"https:\/\/ottawacornwall.ca\/?s={search_term_string}"},"query-input":{"@type":"PropertyValueSpecification","valueRequired":true,"valueName":"search_term_string"}}],"inLanguage":"fr-FR"},{"@type":"Organization","@id":"https:\/\/ottawacornwall.ca\/#organization","name":"Archdiocese of Ottawa-Cornwall","url":"https:\/\/ottawacornwall.ca\/","logo":{"@type":"ImageObject","inLanguage":"fr-FR","@id":"https:\/\/ottawacornwall.ca\/#\/schema\/logo\/image\/","url":"https:\/\/ottawacornwall.ca\/wp-content\/uploads\/2022\/11\/Archdiocese-Logo-Horizontal-Reverse-1.svg","contentUrl":"https:\/\/ottawacornwall.ca\/wp-content\/uploads\/2022\/11\/Archdiocese-Logo-Horizontal-Reverse-1.svg","caption":"Archdiocese of Ottawa-Cornwall"},"image":{"@id":"https:\/\/ottawacornwall.ca\/#\/schema\/logo\/image\/"}}]}},"_links":{"self":[{"href":"https:\/\/ottawacornwall.ca\/fr\/wp-json\/wp\/v2\/pages\/7082","targetHints":{"allow":["GET"]}}],"collection":[{"href":"https:\/\/ottawacornwall.ca\/fr\/wp-json\/wp\/v2\/pages"}],"about":[{"href":"https:\/\/ottawacornwall.ca\/fr\/wp-json\/wp\/v2\/types\/page"}],"author":[{"embeddable":true,"href":"https:\/\/ottawacornwall.ca\/fr\/wp-json\/wp\/v2\/users\/6"}],"replies":[{"embeddable":true,"href":"https:\/\/ottawacornwall.ca\/fr\/wp-json\/wp\/v2\/comments?post=7082"}],"version-history":[{"count":27,"href":"https:\/\/ottawacornwall.ca\/fr\/wp-json\/wp\/v2\/pages\/7082\/revisions"}],"predecessor-version":[{"id":12069,"href":"https:\/\/ottawacornwall.ca\/fr\/wp-json\/wp\/v2\/pages\/7082\/revisions\/12069"}],"wp:attachment":[{"href":"https:\/\/ottawacornwall.ca\/fr\/wp-json\/wp\/v2\/media?parent=7082"}],"curies":[{"name":"wp","href":"https:\/\/api.w.org\/{rel}","templated":true}]}}